{"id":17353,"date":"2021-01-24T18:12:57","date_gmt":"2021-01-24T20:12:57","guid":{"rendered":"http:\/\/ecursos.treinaonline.com\/produto\/curso-de-plano-de-negocios\/"},"modified":"2021-01-24T18:12:57","modified_gmt":"2021-01-24T20:12:57","slug":"curso-de-plano-de-negocios","status":"publish","type":"product","link":"https:\/\/treina.online\/?product=curso-de-plano-de-negocios","title":{"rendered":"Curso de Plano de Neg\u00f3cios"},"content":{"rendered":"<p>Apresenta sobre como elaborar a apresenta\u00e7\u00e3o do seu neg\u00f3cio em todos os aspectos desde as atividades, mercado, financiamento, recursos, fluxo de caixa e lucro, com vista \u00e0 obten\u00e7\u00e3o de novas possibilidades de financiamento.<\/p>\n<p>Sobre a carga hor\u00e1ria:<br \/>\nO curso possui 80 horas de carga hor\u00e1ria. Por\u00e9m, se for conclu\u00eddo antes de 5 dias, passa a ter 10 horas de carga hor\u00e1ria. Conforme nosso contrato e termos de uso.<\/p>\n","protected":false},"excerpt":{"rendered":"<p>Apresenta sobre como elaborar a apresenta\u00e7\u00e3o do seu neg\u00f3cio em todos os aspectos desde as atividades, mercado, financiamento, recursos, fluxo de caixa e lucro, com vista \u00e0 obten\u00e7\u00e3o de novas possibilidades de financiamento. Sobre a carga hor\u00e1ria: O curso possui 80 horas de carga hor\u00e1ria. Por\u00e9m, se for conclu\u00eddo antes de 5 dias, passa a ter 10 horas de carga [&hellip;]<\/p>\n","protected":false},"featured_media":0,"comment_status":"open","ping_status":"closed","template":"","meta":[],"product_brand":[],"product_cat":[199],"product_tag":[],"class_list":{"0":"post-17353","1":"product","2":"type-product","3":"status-publish","5":"product_cat-administracao","6":"post","8":"first","9":"instock","10":"virtual","11":"sold-individually","12":"product-type-simple"},"_links":{"self":[{"href":"https:\/\/treina.online\/index.php?rest_route=\/wp\/v2\/product\/17353","targetHints":{"allow":["GET"]}}],"collection":[{"href":"https:\/\/treina.online\/index.php?rest_route=\/wp\/v2\/product"}],"about":[{"href":"https:\/\/treina.online\/index.php?rest_route=\/wp\/v2\/types\/product"}],"replies":[{"embeddable":true,"href":"https:\/\/treina.online\/index.php?rest_route=%2Fwp%2Fv2%2Fcomments&post=17353"}],"version-history":[{"count":0,"href":"https:\/\/treina.online\/index.php?rest_route=\/wp\/v2\/product\/17353\/revisions"}],"wp:attachment":[{"href":"https:\/\/treina.online\/index.php?rest_route=%2Fwp%2Fv2%2Fmedia&parent=17353"}],"wp:term":[{"taxonomy":"product_brand","embeddable":true,"href":"https:\/\/treina.online\/index.php?rest_route=%2Fwp%2Fv2%2Fproduct_brand&post=17353"},{"taxonomy":"product_cat","embeddable":true,"href":"https:\/\/treina.online\/index.php?rest_route=%2Fwp%2Fv2%2Fproduct_cat&post=17353"},{"taxonomy":"product_tag","embeddable":true,"href":"https:\/\/treina.online\/index.php?rest_route=%2Fwp%2Fv2%2Fproduct_tag&post=17353"}],"curies":[{"name":"wp","href":"https:\/\/api.w.org\/{rel}","templated":true}]}}