{"id":17352,"date":"2021-01-24T18:12:56","date_gmt":"2021-01-24T20:12:56","guid":{"rendered":"http:\/\/ecursos.treinaonline.com\/produto\/curso-de-plano-de-cargos-e-salarios\/"},"modified":"2021-01-24T18:12:56","modified_gmt":"2021-01-24T20:12:56","slug":"curso-de-plano-de-cargos-e-salarios","status":"publish","type":"product","link":"https:\/\/treina.online\/?product=curso-de-plano-de-cargos-e-salarios","title":{"rendered":"Curso de Plano de Cargos e Sal\u00e1rios"},"content":{"rendered":"<p>Ensina A import\u00e2ncia de um Plano de Cargos e Sal\u00e1rios, Necessidades, Desafios, Conceito de tarefa, defini\u00e7\u00e3o da fun\u00e7\u00e3o e de cargo e Estrutura de cargos, faixa salarial e paradigma salarial.<\/p>\n<p>Sobre a carga hor\u00e1ria:<br \/>\nO curso possui 5 horas de carga hor\u00e1ria.<\/p>\n","protected":false},"excerpt":{"rendered":"<p>Ensina A import\u00e2ncia de um Plano de Cargos e Sal\u00e1rios, Necessidades, Desafios, Conceito de tarefa, defini\u00e7\u00e3o da fun\u00e7\u00e3o e de cargo e Estrutura de cargos, faixa salarial e paradigma salarial. Sobre a carga hor\u00e1ria: O curso possui 5 horas de carga hor\u00e1ria.<\/p>\n","protected":false},"featured_media":0,"comment_status":"open","ping_status":"closed","template":"","meta":[],"product_brand":[],"product_cat":[223],"product_tag":[],"class_list":{"0":"post-17352","1":"product","2":"type-product","3":"status-publish","5":"product_cat-gestao-e-lideranca","6":"post","8":"first","9":"instock","10":"virtual","11":"sold-individually","12":"product-type-simple"},"_links":{"self":[{"href":"https:\/\/treina.online\/index.php?rest_route=\/wp\/v2\/product\/17352","targetHints":{"allow":["GET"]}}],"collection":[{"href":"https:\/\/treina.online\/index.php?rest_route=\/wp\/v2\/product"}],"about":[{"href":"https:\/\/treina.online\/index.php?rest_route=\/wp\/v2\/types\/product"}],"replies":[{"embeddable":true,"href":"https:\/\/treina.online\/index.php?rest_route=%2Fwp%2Fv2%2Fcomments&post=17352"}],"version-history":[{"count":0,"href":"https:\/\/treina.online\/index.php?rest_route=\/wp\/v2\/product\/17352\/revisions"}],"wp:attachment":[{"href":"https:\/\/treina.online\/index.php?rest_route=%2Fwp%2Fv2%2Fmedia&parent=17352"}],"wp:term":[{"taxonomy":"product_brand","embeddable":true,"href":"https:\/\/treina.online\/index.php?rest_route=%2Fwp%2Fv2%2Fproduct_brand&post=17352"},{"taxonomy":"product_cat","embeddable":true,"href":"https:\/\/treina.online\/index.php?rest_route=%2Fwp%2Fv2%2Fproduct_cat&post=17352"},{"taxonomy":"product_tag","embeddable":true,"href":"https:\/\/treina.online\/index.php?rest_route=%2Fwp%2Fv2%2Fproduct_tag&post=17352"}],"curies":[{"name":"wp","href":"https:\/\/api.w.org\/{rel}","templated":true}]}}