{"id":17351,"date":"2021-01-24T18:12:56","date_gmt":"2021-01-24T20:12:56","guid":{"rendered":"http:\/\/ecursos.treinaonline.com\/produto\/curso-de-planejamento-estrategico-na-pratica\/"},"modified":"2021-01-24T18:12:56","modified_gmt":"2021-01-24T20:12:56","slug":"curso-de-planejamento-estrategico-na-pratica","status":"publish","type":"product","link":"https:\/\/treina.online\/?product=curso-de-planejamento-estrategico-na-pratica","title":{"rendered":"Curso de Planejamento estrat\u00e9gico na pr\u00e1tica"},"content":{"rendered":"<p>Explica a diferen\u00e7a entre planejamento e estrat\u00e9gia, a constru\u00e7\u00e3o de um planejamento estrat\u00e9gico competitivo, as principais caracter\u00edsticas das empresas que observam o cen\u00e1rio competitivo e implementam suas estrat\u00e9gias, e muito mais!<\/p>\n<p>Sobre a carga hor\u00e1ria:<br \/>\nO curso possui 80 horas de carga hor\u00e1ria. Por\u00e9m, se for conclu\u00eddo antes de 5 dias, passa a ter 10 horas de carga hor\u00e1ria. Conforme nosso contrato e termos de uso.<\/p>\n","protected":false},"excerpt":{"rendered":"<p>Explica a diferen\u00e7a entre planejamento e estrat\u00e9gia, a constru\u00e7\u00e3o de um planejamento estrat\u00e9gico competitivo, as principais caracter\u00edsticas das empresas que observam o cen\u00e1rio competitivo e implementam suas estrat\u00e9gias, e muito mais! Sobre a carga hor\u00e1ria: O curso possui 80 horas de carga hor\u00e1ria. Por\u00e9m, se for conclu\u00eddo antes de 5 dias, passa a ter 10 horas de carga hor\u00e1ria. Conforme [&hellip;]<\/p>\n","protected":false},"featured_media":0,"comment_status":"open","ping_status":"closed","template":"","meta":[],"product_brand":[],"product_cat":[199],"product_tag":[],"class_list":{"0":"post-17351","1":"product","2":"type-product","3":"status-publish","5":"product_cat-administracao","6":"post","8":"first","9":"instock","10":"virtual","11":"sold-individually","12":"product-type-simple"},"_links":{"self":[{"href":"https:\/\/treina.online\/index.php?rest_route=\/wp\/v2\/product\/17351","targetHints":{"allow":["GET"]}}],"collection":[{"href":"https:\/\/treina.online\/index.php?rest_route=\/wp\/v2\/product"}],"about":[{"href":"https:\/\/treina.online\/index.php?rest_route=\/wp\/v2\/types\/product"}],"replies":[{"embeddable":true,"href":"https:\/\/treina.online\/index.php?rest_route=%2Fwp%2Fv2%2Fcomments&post=17351"}],"version-history":[{"count":0,"href":"https:\/\/treina.online\/index.php?rest_route=\/wp\/v2\/product\/17351\/revisions"}],"wp:attachment":[{"href":"https:\/\/treina.online\/index.php?rest_route=%2Fwp%2Fv2%2Fmedia&parent=17351"}],"wp:term":[{"taxonomy":"product_brand","embeddable":true,"href":"https:\/\/treina.online\/index.php?rest_route=%2Fwp%2Fv2%2Fproduct_brand&post=17351"},{"taxonomy":"product_cat","embeddable":true,"href":"https:\/\/treina.online\/index.php?rest_route=%2Fwp%2Fv2%2Fproduct_cat&post=17351"},{"taxonomy":"product_tag","embeddable":true,"href":"https:\/\/treina.online\/index.php?rest_route=%2Fwp%2Fv2%2Fproduct_tag&post=17351"}],"curies":[{"name":"wp","href":"https:\/\/api.w.org\/{rel}","templated":true}]}}