{"id":17350,"date":"2021-01-24T18:12:55","date_gmt":"2021-01-24T20:12:55","guid":{"rendered":"http:\/\/ecursos.treinaonline.com\/produto\/curso-de-planejamento-e-gestao-de-carreira\/"},"modified":"2021-01-24T18:12:55","modified_gmt":"2021-01-24T20:12:55","slug":"curso-de-planejamento-e-gestao-de-carreira","status":"publish","type":"product","link":"https:\/\/treina.online\/?product=curso-de-planejamento-e-gestao-de-carreira","title":{"rendered":"Curso de Planejamento e Gest\u00e3o de Carreira"},"content":{"rendered":"<p>Apresenta o conceito de planejamento e gest\u00e3o, a vis\u00e3o do mercado de trabalho, a import\u00e2ncia de termos uma reserva financeira para nossa vida profissional, a constru\u00e7\u00e3o da sua marca e muito mais.    <\/p>\n<p>Sobre a carga hor\u00e1ria:<br \/>\nO curso possui 80 horas de carga hor\u00e1ria. Por\u00e9m, se for conclu\u00eddo antes de 5 dias, passa a ter 10 horas de carga hor\u00e1ria. Conforme nosso contrato e termos de uso.<\/p>\n","protected":false},"excerpt":{"rendered":"<p>Apresenta o conceito de planejamento e gest\u00e3o, a vis\u00e3o do mercado de trabalho, a import\u00e2ncia de termos uma reserva financeira para nossa vida profissional, a constru\u00e7\u00e3o da sua marca e muito mais. Sobre a carga hor\u00e1ria: O curso possui 80 horas de carga hor\u00e1ria. Por\u00e9m, se for conclu\u00eddo antes de 5 dias, passa a ter 10 horas de carga hor\u00e1ria. [&hellip;]<\/p>\n","protected":false},"featured_media":0,"comment_status":"open","ping_status":"closed","template":"","meta":[],"product_brand":[],"product_cat":[223],"product_tag":[],"class_list":{"0":"post-17350","1":"product","2":"type-product","3":"status-publish","5":"product_cat-gestao-e-lideranca","6":"post","8":"first","9":"instock","10":"virtual","11":"sold-individually","12":"product-type-simple"},"_links":{"self":[{"href":"https:\/\/treina.online\/index.php?rest_route=\/wp\/v2\/product\/17350","targetHints":{"allow":["GET"]}}],"collection":[{"href":"https:\/\/treina.online\/index.php?rest_route=\/wp\/v2\/product"}],"about":[{"href":"https:\/\/treina.online\/index.php?rest_route=\/wp\/v2\/types\/product"}],"replies":[{"embeddable":true,"href":"https:\/\/treina.online\/index.php?rest_route=%2Fwp%2Fv2%2Fcomments&post=17350"}],"version-history":[{"count":0,"href":"https:\/\/treina.online\/index.php?rest_route=\/wp\/v2\/product\/17350\/revisions"}],"wp:attachment":[{"href":"https:\/\/treina.online\/index.php?rest_route=%2Fwp%2Fv2%2Fmedia&parent=17350"}],"wp:term":[{"taxonomy":"product_brand","embeddable":true,"href":"https:\/\/treina.online\/index.php?rest_route=%2Fwp%2Fv2%2Fproduct_brand&post=17350"},{"taxonomy":"product_cat","embeddable":true,"href":"https:\/\/treina.online\/index.php?rest_route=%2Fwp%2Fv2%2Fproduct_cat&post=17350"},{"taxonomy":"product_tag","embeddable":true,"href":"https:\/\/treina.online\/index.php?rest_route=%2Fwp%2Fv2%2Fproduct_tag&post=17350"}],"curies":[{"name":"wp","href":"https:\/\/api.w.org\/{rel}","templated":true}]}}