{"id":17348,"date":"2021-01-24T18:12:53","date_gmt":"2021-01-24T20:12:53","guid":{"rendered":"http:\/\/ecursos.treinaonline.com\/produto\/curso-de-planejamento-de-eventos\/"},"modified":"2021-01-24T18:12:53","modified_gmt":"2021-01-24T20:12:53","slug":"curso-de-planejamento-de-eventos","status":"publish","type":"product","link":"https:\/\/treina.online\/?product=curso-de-planejamento-de-eventos","title":{"rendered":"Curso de Planejamento de Eventos"},"content":{"rendered":"<p>Explica Planejamento com efici\u00eancia, Cronograma e divulga\u00e7\u00e3o, Estrat\u00e9gias de cria\u00e7\u00e3o e comunica\u00e7\u00e3o, Legisla\u00e7\u00e3o para eventos, Checklist e listas de convidados, Relat\u00f3rios de avalia\u00e7\u00e3o, Or\u00e7amento em eventos, Fornecedores e terceiriza\u00e7\u00e3o na \u00e1rea, Materiais e equipamentos, Objetivos e negocia\u00e7\u00e3o, Capta\u00e7\u00e3o de recursos, Comercializa\u00e7\u00e3o do evento, Estrutura administrativa, Controle financeiro e Log\u00edstica e estoques.<\/p>\n<p>Sobre a carga hor\u00e1ria:<br \/>\nO curso possui 10 horas de carga hor\u00e1ria.<\/p>\n","protected":false},"excerpt":{"rendered":"<p>Explica Planejamento com efici\u00eancia, Cronograma e divulga\u00e7\u00e3o, Estrat\u00e9gias de cria\u00e7\u00e3o e comunica\u00e7\u00e3o, Legisla\u00e7\u00e3o para eventos, Checklist e listas de convidados, Relat\u00f3rios de avalia\u00e7\u00e3o, Or\u00e7amento em eventos, Fornecedores e terceiriza\u00e7\u00e3o na \u00e1rea, Materiais e equipamentos, Objetivos e negocia\u00e7\u00e3o, Capta\u00e7\u00e3o de recursos, Comercializa\u00e7\u00e3o do evento, Estrutura administrativa, Controle financeiro e Log\u00edstica e estoques. Sobre a carga hor\u00e1ria: O curso possui 10 horas [&hellip;]<\/p>\n","protected":false},"featured_media":0,"comment_status":"open","ping_status":"closed","template":"","meta":[],"product_brand":[],"product_cat":[218],"product_tag":[],"class_list":{"0":"post-17348","1":"product","2":"type-product","3":"status-publish","5":"product_cat-evento-turismo-e-hotelaria","6":"post","8":"first","9":"instock","10":"virtual","11":"sold-individually","12":"product-type-simple"},"_links":{"self":[{"href":"https:\/\/treina.online\/index.php?rest_route=\/wp\/v2\/product\/17348","targetHints":{"allow":["GET"]}}],"collection":[{"href":"https:\/\/treina.online\/index.php?rest_route=\/wp\/v2\/product"}],"about":[{"href":"https:\/\/treina.online\/index.php?rest_route=\/wp\/v2\/types\/product"}],"replies":[{"embeddable":true,"href":"https:\/\/treina.online\/index.php?rest_route=%2Fwp%2Fv2%2Fcomments&post=17348"}],"version-history":[{"count":0,"href":"https:\/\/treina.online\/index.php?rest_route=\/wp\/v2\/product\/17348\/revisions"}],"wp:attachment":[{"href":"https:\/\/treina.online\/index.php?rest_route=%2Fwp%2Fv2%2Fmedia&parent=17348"}],"wp:term":[{"taxonomy":"product_brand","embeddable":true,"href":"https:\/\/treina.online\/index.php?rest_route=%2Fwp%2Fv2%2Fproduct_brand&post=17348"},{"taxonomy":"product_cat","embeddable":true,"href":"https:\/\/treina.online\/index.php?rest_route=%2Fwp%2Fv2%2Fproduct_cat&post=17348"},{"taxonomy":"product_tag","embeddable":true,"href":"https:\/\/treina.online\/index.php?rest_route=%2Fwp%2Fv2%2Fproduct_tag&post=17348"}],"curies":[{"name":"wp","href":"https:\/\/api.w.org\/{rel}","templated":true}]}}