{"id":17347,"date":"2021-01-24T18:12:53","date_gmt":"2021-01-24T20:12:53","guid":{"rendered":"http:\/\/ecursos.treinaonline.com\/produto\/curso-de-planejamento-das-rotinas-domesticas\/"},"modified":"2021-01-24T18:12:53","modified_gmt":"2021-01-24T20:12:53","slug":"curso-de-planejamento-das-rotinas-domesticas","status":"publish","type":"product","link":"https:\/\/treina.online\/?product=curso-de-planejamento-das-rotinas-domesticas","title":{"rendered":"Curso de Planejamento das rotinas dom\u00e9sticas"},"content":{"rendered":"<p>Voc\u00ea aprende solu\u00e7\u00f5es de bom senso, conselhos pr\u00e1ticos e dicas tradicionais que auxiliam nas tarefas dom\u00e9sticas.<\/p>\n<p>Sobre a carga hor\u00e1ria:<br \/>\nO curso possui 80 horas de carga hor\u00e1ria. Por\u00e9m, se for conclu\u00eddo antes de 5 dias, passa a ter 10 horas de carga hor\u00e1ria. Conforme nosso contrato e termos de uso.<\/p>\n","protected":false},"excerpt":{"rendered":"<p>Voc\u00ea aprende solu\u00e7\u00f5es de bom senso, conselhos pr\u00e1ticos e dicas tradicionais que auxiliam nas tarefas dom\u00e9sticas. Sobre a carga hor\u00e1ria: O curso possui 80 horas de carga hor\u00e1ria. Por\u00e9m, se for conclu\u00eddo antes de 5 dias, passa a ter 10 horas de carga hor\u00e1ria. Conforme nosso contrato e termos de uso.<\/p>\n","protected":false},"featured_media":0,"comment_status":"open","ping_status":"closed","template":"","meta":[],"product_brand":[],"product_cat":[207],"product_tag":[],"class_list":{"0":"post-17347","1":"product","2":"type-product","3":"status-publish","5":"product_cat-cotidiano","6":"post","8":"first","9":"instock","10":"virtual","11":"sold-individually","12":"product-type-simple"},"_links":{"self":[{"href":"https:\/\/treina.online\/index.php?rest_route=\/wp\/v2\/product\/17347","targetHints":{"allow":["GET"]}}],"collection":[{"href":"https:\/\/treina.online\/index.php?rest_route=\/wp\/v2\/product"}],"about":[{"href":"https:\/\/treina.online\/index.php?rest_route=\/wp\/v2\/types\/product"}],"replies":[{"embeddable":true,"href":"https:\/\/treina.online\/index.php?rest_route=%2Fwp%2Fv2%2Fcomments&post=17347"}],"version-history":[{"count":0,"href":"https:\/\/treina.online\/index.php?rest_route=\/wp\/v2\/product\/17347\/revisions"}],"wp:attachment":[{"href":"https:\/\/treina.online\/index.php?rest_route=%2Fwp%2Fv2%2Fmedia&parent=17347"}],"wp:term":[{"taxonomy":"product_brand","embeddable":true,"href":"https:\/\/treina.online\/index.php?rest_route=%2Fwp%2Fv2%2Fproduct_brand&post=17347"},{"taxonomy":"product_cat","embeddable":true,"href":"https:\/\/treina.online\/index.php?rest_route=%2Fwp%2Fv2%2Fproduct_cat&post=17347"},{"taxonomy":"product_tag","embeddable":true,"href":"https:\/\/treina.online\/index.php?rest_route=%2Fwp%2Fv2%2Fproduct_tag&post=17347"}],"curies":[{"name":"wp","href":"https:\/\/api.w.org\/{rel}","templated":true}]}}