{"id":17341,"date":"2021-01-24T18:12:48","date_gmt":"2021-01-24T20:12:48","guid":{"rendered":"http:\/\/ecursos.treinaonline.com\/produto\/curso-de-pilares-e-fases-do-design-thinking\/"},"modified":"2021-01-24T18:12:48","modified_gmt":"2021-01-24T20:12:48","slug":"curso-de-pilares-e-fases-do-design-thinking","status":"publish","type":"product","link":"https:\/\/treina.online\/?product=curso-de-pilares-e-fases-do-design-thinking","title":{"rendered":"Curso de Pilares e Fases do Design Thinking"},"content":{"rendered":"<p>Ensina Pilares do Design Thinking, Fases: Vis\u00e3o geral e Fases: Caracter\u00edsticas.<\/p>\n<p>Sobre a carga hor\u00e1ria:<br \/>\nO curso possui 5 horas de carga hor\u00e1ria.<\/p>\n","protected":false},"excerpt":{"rendered":"<p>Ensina Pilares do Design Thinking, Fases: Vis\u00e3o geral e Fases: Caracter\u00edsticas. Sobre a carga hor\u00e1ria: O curso possui 5 horas de carga hor\u00e1ria.<\/p>\n","protected":false},"featured_media":0,"comment_status":"open","ping_status":"closed","template":"","meta":[],"product_brand":[],"product_cat":[223],"product_tag":[],"class_list":{"0":"post-17341","1":"product","2":"type-product","3":"status-publish","5":"product_cat-gestao-e-lideranca","6":"post","8":"first","9":"instock","10":"virtual","11":"sold-individually","12":"product-type-simple"},"_links":{"self":[{"href":"https:\/\/treina.online\/index.php?rest_route=\/wp\/v2\/product\/17341","targetHints":{"allow":["GET"]}}],"collection":[{"href":"https:\/\/treina.online\/index.php?rest_route=\/wp\/v2\/product"}],"about":[{"href":"https:\/\/treina.online\/index.php?rest_route=\/wp\/v2\/types\/product"}],"replies":[{"embeddable":true,"href":"https:\/\/treina.online\/index.php?rest_route=%2Fwp%2Fv2%2Fcomments&post=17341"}],"version-history":[{"count":0,"href":"https:\/\/treina.online\/index.php?rest_route=\/wp\/v2\/product\/17341\/revisions"}],"wp:attachment":[{"href":"https:\/\/treina.online\/index.php?rest_route=%2Fwp%2Fv2%2Fmedia&parent=17341"}],"wp:term":[{"taxonomy":"product_brand","embeddable":true,"href":"https:\/\/treina.online\/index.php?rest_route=%2Fwp%2Fv2%2Fproduct_brand&post=17341"},{"taxonomy":"product_cat","embeddable":true,"href":"https:\/\/treina.online\/index.php?rest_route=%2Fwp%2Fv2%2Fproduct_cat&post=17341"},{"taxonomy":"product_tag","embeddable":true,"href":"https:\/\/treina.online\/index.php?rest_route=%2Fwp%2Fv2%2Fproduct_tag&post=17341"}],"curies":[{"name":"wp","href":"https:\/\/api.w.org\/{rel}","templated":true}]}}