{"id":17338,"date":"2021-01-24T18:12:39","date_gmt":"2021-01-24T20:12:39","guid":{"rendered":"http:\/\/ecursos.treinaonline.com\/produto\/curso-de-photoshop-cc-introducao-ao-layout\/"},"modified":"2021-01-24T18:12:39","modified_gmt":"2021-01-24T20:12:39","slug":"curso-de-photoshop-cc-introducao-ao-layout","status":"publish","type":"product","link":"https:\/\/treina.online\/?product=curso-de-photoshop-cc-introducao-ao-layout","title":{"rendered":"Curso de Photoshop CC: Introdu\u00e7\u00e3o ao Layout"},"content":{"rendered":"<p>Explica Introdu\u00e7\u00e3o a Design de Layouts com Photoshop CC, Mockup e Usabilidade, Tela de abertura, Formatos de Arquivos e Documentos, Workspace e Camadas, Trabalhando com Imagens, Vetores e Objetos, Trabalhando com Texto 1 e Trabalhando com Texto 2.<\/p>\n<p>Sobre a carga hor\u00e1ria:<br \/>\nO curso possui 10 horas de carga hor\u00e1ria.<\/p>\n","protected":false},"excerpt":{"rendered":"<p>Explica Introdu\u00e7\u00e3o a Design de Layouts com Photoshop CC, Mockup e Usabilidade, Tela de abertura, Formatos de Arquivos e Documentos, Workspace e Camadas, Trabalhando com Imagens, Vetores e Objetos, Trabalhando com Texto 1 e Trabalhando com Texto 2. Sobre a carga hor\u00e1ria: O curso possui 10 horas de carga hor\u00e1ria.<\/p>\n","protected":false},"featured_media":0,"comment_status":"open","ping_status":"closed","template":"","meta":[],"product_brand":[],"product_cat":[201],"product_tag":[],"class_list":{"0":"post-17338","1":"product","2":"type-product","3":"status-publish","5":"product_cat-animacoes-e-design","6":"post","8":"first","9":"instock","10":"virtual","11":"sold-individually","12":"product-type-simple"},"_links":{"self":[{"href":"https:\/\/treina.online\/index.php?rest_route=\/wp\/v2\/product\/17338","targetHints":{"allow":["GET"]}}],"collection":[{"href":"https:\/\/treina.online\/index.php?rest_route=\/wp\/v2\/product"}],"about":[{"href":"https:\/\/treina.online\/index.php?rest_route=\/wp\/v2\/types\/product"}],"replies":[{"embeddable":true,"href":"https:\/\/treina.online\/index.php?rest_route=%2Fwp%2Fv2%2Fcomments&post=17338"}],"version-history":[{"count":0,"href":"https:\/\/treina.online\/index.php?rest_route=\/wp\/v2\/product\/17338\/revisions"}],"wp:attachment":[{"href":"https:\/\/treina.online\/index.php?rest_route=%2Fwp%2Fv2%2Fmedia&parent=17338"}],"wp:term":[{"taxonomy":"product_brand","embeddable":true,"href":"https:\/\/treina.online\/index.php?rest_route=%2Fwp%2Fv2%2Fproduct_brand&post=17338"},{"taxonomy":"product_cat","embeddable":true,"href":"https:\/\/treina.online\/index.php?rest_route=%2Fwp%2Fv2%2Fproduct_cat&post=17338"},{"taxonomy":"product_tag","embeddable":true,"href":"https:\/\/treina.online\/index.php?rest_route=%2Fwp%2Fv2%2Fproduct_tag&post=17338"}],"curies":[{"name":"wp","href":"https:\/\/api.w.org\/{rel}","templated":true}]}}