{"id":17337,"date":"2021-01-24T18:12:38","date_gmt":"2021-01-24T20:12:38","guid":{"rendered":"http:\/\/ecursos.treinaonline.com\/produto\/curso-de-photoshop-cc-ferramentas-de-selecao\/"},"modified":"2021-01-24T18:12:38","modified_gmt":"2021-01-24T20:12:38","slug":"curso-de-photoshop-cc-ferramentas-de-selecao","status":"publish","type":"product","link":"https:\/\/treina.online\/?product=curso-de-photoshop-cc-ferramentas-de-selecao","title":{"rendered":"Curso de Photoshop CC: Ferramentas de Sele\u00e7\u00e3o"},"content":{"rendered":"<p>Apresenta Ferramentas b\u00e1sicas de sele\u00e7\u00e3o, Ferramentas de sele\u00e7\u00e3o e Ferramenta caneta.<\/p>\n<p>Sobre a carga hor\u00e1ria:<br \/>\nO curso possui 2 horas de carga hor\u00e1ria.<\/p>\n","protected":false},"excerpt":{"rendered":"<p>Apresenta Ferramentas b\u00e1sicas de sele\u00e7\u00e3o, Ferramentas de sele\u00e7\u00e3o e Ferramenta caneta. Sobre a carga hor\u00e1ria: O curso possui 2 horas de carga hor\u00e1ria.<\/p>\n","protected":false},"featured_media":0,"comment_status":"open","ping_status":"closed","template":"","meta":[],"product_brand":[],"product_cat":[233],"product_tag":[],"class_list":{"0":"post-17337","1":"product","2":"type-product","3":"status-publish","5":"product_cat-programacao-e-desenvolvimento","6":"post","8":"first","9":"instock","10":"virtual","11":"sold-individually","12":"product-type-simple"},"_links":{"self":[{"href":"https:\/\/treina.online\/index.php?rest_route=\/wp\/v2\/product\/17337","targetHints":{"allow":["GET"]}}],"collection":[{"href":"https:\/\/treina.online\/index.php?rest_route=\/wp\/v2\/product"}],"about":[{"href":"https:\/\/treina.online\/index.php?rest_route=\/wp\/v2\/types\/product"}],"replies":[{"embeddable":true,"href":"https:\/\/treina.online\/index.php?rest_route=%2Fwp%2Fv2%2Fcomments&post=17337"}],"version-history":[{"count":0,"href":"https:\/\/treina.online\/index.php?rest_route=\/wp\/v2\/product\/17337\/revisions"}],"wp:attachment":[{"href":"https:\/\/treina.online\/index.php?rest_route=%2Fwp%2Fv2%2Fmedia&parent=17337"}],"wp:term":[{"taxonomy":"product_brand","embeddable":true,"href":"https:\/\/treina.online\/index.php?rest_route=%2Fwp%2Fv2%2Fproduct_brand&post=17337"},{"taxonomy":"product_cat","embeddable":true,"href":"https:\/\/treina.online\/index.php?rest_route=%2Fwp%2Fv2%2Fproduct_cat&post=17337"},{"taxonomy":"product_tag","embeddable":true,"href":"https:\/\/treina.online\/index.php?rest_route=%2Fwp%2Fv2%2Fproduct_tag&post=17337"}],"curies":[{"name":"wp","href":"https:\/\/api.w.org\/{rel}","templated":true}]}}