{"id":17330,"date":"2021-01-24T18:12:29","date_gmt":"2021-01-24T20:12:29","guid":{"rendered":"http:\/\/ecursos.treinaonline.com\/produto\/curso-de-pesquisa-de-mercado-e-analise\/"},"modified":"2021-01-24T18:12:29","modified_gmt":"2021-01-24T20:12:29","slug":"curso-de-pesquisa-de-mercado-e-analise","status":"publish","type":"product","link":"https:\/\/treina.online\/?product=curso-de-pesquisa-de-mercado-e-analise","title":{"rendered":"Curso de Pesquisa de Mercado e Analise"},"content":{"rendered":"<p>Aborda a import\u00e2ncia da pesquisa de mercado, as etapas de um projeto de pesquisa, a identifica\u00e7\u00e3o do problema ou situa\u00e7\u00e3o e os tipos de pesquisas que existem. Tudo isso de forma simples e objetiva.<\/p>\n<p>Sobre a carga hor\u00e1ria:<br \/>\nO curso possui 80 horas de carga hor\u00e1ria. Por\u00e9m, se for conclu\u00eddo antes de 5 dias, passa a ter 10 horas de carga hor\u00e1ria. Conforme nosso contrato e termos de uso.<\/p>\n","protected":false},"excerpt":{"rendered":"<p>Aborda a import\u00e2ncia da pesquisa de mercado, as etapas de um projeto de pesquisa, a identifica\u00e7\u00e3o do problema ou situa\u00e7\u00e3o e os tipos de pesquisas que existem. Tudo isso de forma simples e objetiva. Sobre a carga hor\u00e1ria: O curso possui 80 horas de carga hor\u00e1ria. Por\u00e9m, se for conclu\u00eddo antes de 5 dias, passa a ter 10 horas de [&hellip;]<\/p>\n","protected":false},"featured_media":0,"comment_status":"open","ping_status":"closed","template":"","meta":[],"product_brand":[],"product_cat":[235],"product_tag":[],"class_list":{"0":"post-17330","1":"product","2":"type-product","3":"status-publish","5":"product_cat-publicidade-e-marketing","6":"post","8":"first","9":"instock","10":"virtual","11":"sold-individually","12":"product-type-simple"},"_links":{"self":[{"href":"https:\/\/treina.online\/index.php?rest_route=\/wp\/v2\/product\/17330","targetHints":{"allow":["GET"]}}],"collection":[{"href":"https:\/\/treina.online\/index.php?rest_route=\/wp\/v2\/product"}],"about":[{"href":"https:\/\/treina.online\/index.php?rest_route=\/wp\/v2\/types\/product"}],"replies":[{"embeddable":true,"href":"https:\/\/treina.online\/index.php?rest_route=%2Fwp%2Fv2%2Fcomments&post=17330"}],"version-history":[{"count":0,"href":"https:\/\/treina.online\/index.php?rest_route=\/wp\/v2\/product\/17330\/revisions"}],"wp:attachment":[{"href":"https:\/\/treina.online\/index.php?rest_route=%2Fwp%2Fv2%2Fmedia&parent=17330"}],"wp:term":[{"taxonomy":"product_brand","embeddable":true,"href":"https:\/\/treina.online\/index.php?rest_route=%2Fwp%2Fv2%2Fproduct_brand&post=17330"},{"taxonomy":"product_cat","embeddable":true,"href":"https:\/\/treina.online\/index.php?rest_route=%2Fwp%2Fv2%2Fproduct_cat&post=17330"},{"taxonomy":"product_tag","embeddable":true,"href":"https:\/\/treina.online\/index.php?rest_route=%2Fwp%2Fv2%2Fproduct_tag&post=17330"}],"curies":[{"name":"wp","href":"https:\/\/api.w.org\/{rel}","templated":true}]}}