{"id":17329,"date":"2021-01-24T18:12:28","date_gmt":"2021-01-24T20:12:28","guid":{"rendered":"http:\/\/ecursos.treinaonline.com\/produto\/curso-de-pesquisa-de-clima-organizacional-na-pratica\/"},"modified":"2021-01-24T18:12:28","modified_gmt":"2021-01-24T20:12:28","slug":"curso-de-pesquisa-de-clima-organizacional-na-pratica","status":"publish","type":"product","link":"https:\/\/treina.online\/?product=curso-de-pesquisa-de-clima-organizacional-na-pratica","title":{"rendered":"Curso de Pesquisa de Clima Organizacional na Pr\u00e1tica"},"content":{"rendered":"<p>Voc\u00ea aprende sobre o conceito clima organizacional. Neste curso voc\u00ea aprender\u00e1 a montar e elaborar uma pesquisa de clima, conhecer\u00e1 os benef\u00edcios e vantagens para a organiza\u00e7\u00e3o e como a pesquisa de clima pode aumentar a satisfa\u00e7\u00e3o do colaborador no ambiente de trabalho, trazendo vantagens competitivas para a empresa.<\/p>\n<p>Sobre a carga hor\u00e1ria:<br \/>\nO curso possui 80 horas de carga hor\u00e1ria. Por\u00e9m, se for conclu\u00eddo antes de 5 dias, passa a ter 10 horas de carga hor\u00e1ria. Conforme nosso contrato e termos de uso.<\/p>\n","protected":false},"excerpt":{"rendered":"<p>Voc\u00ea aprende sobre o conceito clima organizacional. Neste curso voc\u00ea aprender\u00e1 a montar e elaborar uma pesquisa de clima, conhecer\u00e1 os benef\u00edcios e vantagens para a organiza\u00e7\u00e3o e como a pesquisa de clima pode aumentar a satisfa\u00e7\u00e3o do colaborador no ambiente de trabalho, trazendo vantagens competitivas para a empresa. Sobre a carga hor\u00e1ria: O curso possui 80 horas de carga [&hellip;]<\/p>\n","protected":false},"featured_media":0,"comment_status":"open","ping_status":"closed","template":"","meta":[],"product_brand":[],"product_cat":[236],"product_tag":[],"class_list":{"0":"post-17329","1":"product","2":"type-product","3":"status-publish","5":"product_cat-recursos-humanos","6":"post","8":"first","9":"instock","10":"virtual","11":"sold-individually","12":"product-type-simple"},"_links":{"self":[{"href":"https:\/\/treina.online\/index.php?rest_route=\/wp\/v2\/product\/17329","targetHints":{"allow":["GET"]}}],"collection":[{"href":"https:\/\/treina.online\/index.php?rest_route=\/wp\/v2\/product"}],"about":[{"href":"https:\/\/treina.online\/index.php?rest_route=\/wp\/v2\/types\/product"}],"replies":[{"embeddable":true,"href":"https:\/\/treina.online\/index.php?rest_route=%2Fwp%2Fv2%2Fcomments&post=17329"}],"version-history":[{"count":0,"href":"https:\/\/treina.online\/index.php?rest_route=\/wp\/v2\/product\/17329\/revisions"}],"wp:attachment":[{"href":"https:\/\/treina.online\/index.php?rest_route=%2Fwp%2Fv2%2Fmedia&parent=17329"}],"wp:term":[{"taxonomy":"product_brand","embeddable":true,"href":"https:\/\/treina.online\/index.php?rest_route=%2Fwp%2Fv2%2Fproduct_brand&post=17329"},{"taxonomy":"product_cat","embeddable":true,"href":"https:\/\/treina.online\/index.php?rest_route=%2Fwp%2Fv2%2Fproduct_cat&post=17329"},{"taxonomy":"product_tag","embeddable":true,"href":"https:\/\/treina.online\/index.php?rest_route=%2Fwp%2Fv2%2Fproduct_tag&post=17329"}],"curies":[{"name":"wp","href":"https:\/\/api.w.org\/{rel}","templated":true}]}}