{"id":17310,"date":"2021-01-24T18:12:05","date_gmt":"2021-01-24T20:12:05","guid":{"rendered":"http:\/\/ecursos.treinaonline.com\/produto\/curso-de-ovos-de-chocolate-classico-e-crocante\/"},"modified":"2021-01-24T18:12:05","modified_gmt":"2021-01-24T20:12:05","slug":"curso-de-ovos-de-chocolate-classico-e-crocante","status":"publish","type":"product","link":"https:\/\/treina.online\/?product=curso-de-ovos-de-chocolate-classico-e-crocante","title":{"rendered":"Curso de Ovos de Chocolate: Cl\u00e1ssico e Crocante"},"content":{"rendered":"<p>Aborda Introdu\u00e7\u00e3o ao Curso de Ovos de Chocolate, Ovo Cl\u00e1ssico &#8211; Casquinha e Ovo Crocante.<\/p>\n<p>Sobre a carga hor\u00e1ria:<br \/>\nO curso possui 2 horas de carga hor\u00e1ria.<\/p>\n","protected":false},"excerpt":{"rendered":"<p>Aborda Introdu\u00e7\u00e3o ao Curso de Ovos de Chocolate, Ovo Cl\u00e1ssico &#8211; Casquinha e Ovo Crocante. Sobre a carga hor\u00e1ria: O curso possui 2 horas de carga hor\u00e1ria.<\/p>\n","protected":false},"featured_media":0,"comment_status":"open","ping_status":"closed","template":"","meta":[],"product_brand":[],"product_cat":[212],"product_tag":[],"class_list":{"0":"post-17310","1":"product","2":"type-product","3":"status-publish","5":"product_cat-doces-e-confeitaria","6":"post","8":"first","9":"instock","10":"virtual","11":"sold-individually","12":"product-type-simple"},"_links":{"self":[{"href":"https:\/\/treina.online\/index.php?rest_route=\/wp\/v2\/product\/17310","targetHints":{"allow":["GET"]}}],"collection":[{"href":"https:\/\/treina.online\/index.php?rest_route=\/wp\/v2\/product"}],"about":[{"href":"https:\/\/treina.online\/index.php?rest_route=\/wp\/v2\/types\/product"}],"replies":[{"embeddable":true,"href":"https:\/\/treina.online\/index.php?rest_route=%2Fwp%2Fv2%2Fcomments&post=17310"}],"version-history":[{"count":0,"href":"https:\/\/treina.online\/index.php?rest_route=\/wp\/v2\/product\/17310\/revisions"}],"wp:attachment":[{"href":"https:\/\/treina.online\/index.php?rest_route=%2Fwp%2Fv2%2Fmedia&parent=17310"}],"wp:term":[{"taxonomy":"product_brand","embeddable":true,"href":"https:\/\/treina.online\/index.php?rest_route=%2Fwp%2Fv2%2Fproduct_brand&post=17310"},{"taxonomy":"product_cat","embeddable":true,"href":"https:\/\/treina.online\/index.php?rest_route=%2Fwp%2Fv2%2Fproduct_cat&post=17310"},{"taxonomy":"product_tag","embeddable":true,"href":"https:\/\/treina.online\/index.php?rest_route=%2Fwp%2Fv2%2Fproduct_tag&post=17310"}],"curies":[{"name":"wp","href":"https:\/\/api.w.org\/{rel}","templated":true}]}}