{"id":17307,"date":"2021-01-24T18:12:02","date_gmt":"2021-01-24T20:12:02","guid":{"rendered":"http:\/\/ecursos.treinaonline.com\/produto\/curso-de-organizacao-de-eventos-na-pratica\/"},"modified":"2021-01-24T18:12:02","modified_gmt":"2021-01-24T20:12:02","slug":"curso-de-organizacao-de-eventos-na-pratica","status":"publish","type":"product","link":"https:\/\/treina.online\/?product=curso-de-organizacao-de-eventos-na-pratica","title":{"rendered":"Curso de Organiza\u00e7\u00e3o de eventos na pr\u00e1tica"},"content":{"rendered":"<p>Apresenta os tipos de eventos, como planejar festas de 15 anos, festas infantis, casamentos, cerimoniais. Ver\u00e1 tamb\u00e9m comercializar esses eventos e muito mais!<\/p>\n<p>Sobre a carga hor\u00e1ria:<br \/>\nO curso possui 80 horas de carga hor\u00e1ria. Por\u00e9m, se for conclu\u00eddo antes de 5 dias, passa a ter 10 horas de carga hor\u00e1ria. Conforme nosso contrato e termos de uso.<\/p>\n","protected":false},"excerpt":{"rendered":"<p>Apresenta os tipos de eventos, como planejar festas de 15 anos, festas infantis, casamentos, cerimoniais. Ver\u00e1 tamb\u00e9m comercializar esses eventos e muito mais! Sobre a carga hor\u00e1ria: O curso possui 80 horas de carga hor\u00e1ria. Por\u00e9m, se for conclu\u00eddo antes de 5 dias, passa a ter 10 horas de carga hor\u00e1ria. Conforme nosso contrato e termos de uso.<\/p>\n","protected":false},"featured_media":0,"comment_status":"open","ping_status":"closed","template":"","meta":[],"product_brand":[],"product_cat":[218],"product_tag":[],"class_list":{"0":"post-17307","1":"product","2":"type-product","3":"status-publish","5":"product_cat-evento-turismo-e-hotelaria","6":"post","8":"first","9":"instock","10":"virtual","11":"sold-individually","12":"product-type-simple"},"_links":{"self":[{"href":"https:\/\/treina.online\/index.php?rest_route=\/wp\/v2\/product\/17307","targetHints":{"allow":["GET"]}}],"collection":[{"href":"https:\/\/treina.online\/index.php?rest_route=\/wp\/v2\/product"}],"about":[{"href":"https:\/\/treina.online\/index.php?rest_route=\/wp\/v2\/types\/product"}],"replies":[{"embeddable":true,"href":"https:\/\/treina.online\/index.php?rest_route=%2Fwp%2Fv2%2Fcomments&post=17307"}],"version-history":[{"count":0,"href":"https:\/\/treina.online\/index.php?rest_route=\/wp\/v2\/product\/17307\/revisions"}],"wp:attachment":[{"href":"https:\/\/treina.online\/index.php?rest_route=%2Fwp%2Fv2%2Fmedia&parent=17307"}],"wp:term":[{"taxonomy":"product_brand","embeddable":true,"href":"https:\/\/treina.online\/index.php?rest_route=%2Fwp%2Fv2%2Fproduct_brand&post=17307"},{"taxonomy":"product_cat","embeddable":true,"href":"https:\/\/treina.online\/index.php?rest_route=%2Fwp%2Fv2%2Fproduct_cat&post=17307"},{"taxonomy":"product_tag","embeddable":true,"href":"https:\/\/treina.online\/index.php?rest_route=%2Fwp%2Fv2%2Fproduct_tag&post=17307"}],"curies":[{"name":"wp","href":"https:\/\/api.w.org\/{rel}","templated":true}]}}