{"id":17304,"date":"2021-01-24T18:11:57","date_gmt":"2021-01-24T20:11:57","guid":{"rendered":"http:\/\/ecursos.treinaonline.com\/produto\/curso-de-odontologia-tecnicas-de-escovacao\/"},"modified":"2021-01-24T18:11:57","modified_gmt":"2021-01-24T20:11:57","slug":"curso-de-odontologia-tecnicas-de-escovacao","status":"publish","type":"product","link":"https:\/\/treina.online\/?product=curso-de-odontologia-tecnicas-de-escovacao","title":{"rendered":"Curso de Odontologia: T\u00e9cnicas de Escova\u00e7\u00e3o"},"content":{"rendered":"<p>Voc\u00ea aprende Escova\u00e7\u00e3o dental, T\u00e9cnicas de escova\u00e7\u00e3o e Outros dispositivos para higiene bucal.<\/p>\n<p>Sobre a carga hor\u00e1ria:<br \/>\nO curso possui 2 horas de carga hor\u00e1ria.<\/p>\n","protected":false},"excerpt":{"rendered":"<p>Voc\u00ea aprende Escova\u00e7\u00e3o dental, T\u00e9cnicas de escova\u00e7\u00e3o e Outros dispositivos para higiene bucal. Sobre a carga hor\u00e1ria: O curso possui 2 horas de carga hor\u00e1ria.<\/p>\n","protected":false},"featured_media":0,"comment_status":"open","ping_status":"closed","template":"","meta":[],"product_brand":[],"product_cat":[232],"product_tag":[],"class_list":{"0":"post-17304","1":"product","2":"type-product","3":"status-publish","5":"product_cat-odontologia","6":"post","8":"first","9":"instock","10":"virtual","11":"sold-individually","12":"product-type-simple"},"_links":{"self":[{"href":"https:\/\/treina.online\/index.php?rest_route=\/wp\/v2\/product\/17304","targetHints":{"allow":["GET"]}}],"collection":[{"href":"https:\/\/treina.online\/index.php?rest_route=\/wp\/v2\/product"}],"about":[{"href":"https:\/\/treina.online\/index.php?rest_route=\/wp\/v2\/types\/product"}],"replies":[{"embeddable":true,"href":"https:\/\/treina.online\/index.php?rest_route=%2Fwp%2Fv2%2Fcomments&post=17304"}],"version-history":[{"count":0,"href":"https:\/\/treina.online\/index.php?rest_route=\/wp\/v2\/product\/17304\/revisions"}],"wp:attachment":[{"href":"https:\/\/treina.online\/index.php?rest_route=%2Fwp%2Fv2%2Fmedia&parent=17304"}],"wp:term":[{"taxonomy":"product_brand","embeddable":true,"href":"https:\/\/treina.online\/index.php?rest_route=%2Fwp%2Fv2%2Fproduct_brand&post=17304"},{"taxonomy":"product_cat","embeddable":true,"href":"https:\/\/treina.online\/index.php?rest_route=%2Fwp%2Fv2%2Fproduct_cat&post=17304"},{"taxonomy":"product_tag","embeddable":true,"href":"https:\/\/treina.online\/index.php?rest_route=%2Fwp%2Fv2%2Fproduct_tag&post=17304"}],"curies":[{"name":"wp","href":"https:\/\/api.w.org\/{rel}","templated":true}]}}