{"id":17285,"date":"2021-01-24T18:11:37","date_gmt":"2021-01-24T20:11:37","guid":{"rendered":"http:\/\/ecursos.treinaonline.com\/produto\/curso-de-neuromarketing\/"},"modified":"2021-01-24T18:11:37","modified_gmt":"2021-01-24T20:11:37","slug":"curso-de-neuromarketing","status":"publish","type":"product","link":"https:\/\/treina.online\/?product=curso-de-neuromarketing","title":{"rendered":"Curso de Neuromarketing"},"content":{"rendered":"<p>Voc\u00ea compreender\u00e1 como a criatividade \u00e9 capaz de desenvolver a \u00e1rea neural, aprender\u00e1, tamb\u00e9m, como as empresas utilizam de aspectos neurocient\u00edficos para desenvolver os mercados e entender\u00e1 como o comportamento do consumidor \u00e9 influenciado por diversos fatores que o cercam.<\/p>\n<p>Sobre a carga hor\u00e1ria:<br \/>\nO curso possui 80 horas de carga hor\u00e1ria. Por\u00e9m, se for conclu\u00eddo antes de 5 dias, passa a ter 10 horas de carga hor\u00e1ria. Conforme nosso contrato e termos de uso.<\/p>\n","protected":false},"excerpt":{"rendered":"<p>Voc\u00ea compreender\u00e1 como a criatividade \u00e9 capaz de desenvolver a \u00e1rea neural, aprender\u00e1, tamb\u00e9m, como as empresas utilizam de aspectos neurocient\u00edficos para desenvolver os mercados e entender\u00e1 como o comportamento do consumidor \u00e9 influenciado por diversos fatores que o cercam. Sobre a carga hor\u00e1ria: O curso possui 80 horas de carga hor\u00e1ria. Por\u00e9m, se for conclu\u00eddo antes de 5 dias, [&hellip;]<\/p>\n","protected":false},"featured_media":0,"comment_status":"open","ping_status":"closed","template":"","meta":[],"product_brand":[],"product_cat":[235],"product_tag":[],"class_list":{"0":"post-17285","1":"product","2":"type-product","3":"status-publish","5":"product_cat-publicidade-e-marketing","6":"post","8":"first","9":"instock","10":"virtual","11":"sold-individually","12":"product-type-simple"},"_links":{"self":[{"href":"https:\/\/treina.online\/index.php?rest_route=\/wp\/v2\/product\/17285","targetHints":{"allow":["GET"]}}],"collection":[{"href":"https:\/\/treina.online\/index.php?rest_route=\/wp\/v2\/product"}],"about":[{"href":"https:\/\/treina.online\/index.php?rest_route=\/wp\/v2\/types\/product"}],"replies":[{"embeddable":true,"href":"https:\/\/treina.online\/index.php?rest_route=%2Fwp%2Fv2%2Fcomments&post=17285"}],"version-history":[{"count":0,"href":"https:\/\/treina.online\/index.php?rest_route=\/wp\/v2\/product\/17285\/revisions"}],"wp:attachment":[{"href":"https:\/\/treina.online\/index.php?rest_route=%2Fwp%2Fv2%2Fmedia&parent=17285"}],"wp:term":[{"taxonomy":"product_brand","embeddable":true,"href":"https:\/\/treina.online\/index.php?rest_route=%2Fwp%2Fv2%2Fproduct_brand&post=17285"},{"taxonomy":"product_cat","embeddable":true,"href":"https:\/\/treina.online\/index.php?rest_route=%2Fwp%2Fv2%2Fproduct_cat&post=17285"},{"taxonomy":"product_tag","embeddable":true,"href":"https:\/\/treina.online\/index.php?rest_route=%2Fwp%2Fv2%2Fproduct_tag&post=17285"}],"curies":[{"name":"wp","href":"https:\/\/api.w.org\/{rel}","templated":true}]}}