{"id":17284,"date":"2021-01-24T18:11:37","date_gmt":"2021-01-24T20:11:37","guid":{"rendered":"http:\/\/ecursos.treinaonline.com\/produto\/curso-de-neuroeducacao-na-pratica\/"},"modified":"2021-01-24T18:11:37","modified_gmt":"2021-01-24T20:11:37","slug":"curso-de-neuroeducacao-na-pratica","status":"publish","type":"product","link":"https:\/\/treina.online\/?product=curso-de-neuroeducacao-na-pratica","title":{"rendered":"Curso de Neuroeduca\u00e7\u00e3o na Pr\u00e1tica"},"content":{"rendered":"<p>Fala sobre: O que \u00e9 a neuroeduca\u00e7\u00e3o e a import\u00e2ncia da Neuroci\u00eancia na Educa\u00e7\u00e3o, falando a respeito de: Aprendizagem e processos neurais, o que entendemos por aprendizagem, a Neuroci\u00eancia para a sala de aula, os desafios do professor no cotidiano pedag\u00f3gico, o professor e a pr\u00e1tica pedag\u00f3gica e a constru\u00e7\u00e3o do processo de aprendizagem. <\/p>\n<p>Sobre a carga hor\u00e1ria:<br \/>\nO curso possui 80 horas de carga hor\u00e1ria. Por\u00e9m, se for conclu\u00eddo antes de 5 dias, passa a ter 10 horas de carga hor\u00e1ria. Conforme nosso contrato e termos de uso.<\/p>\n","protected":false},"excerpt":{"rendered":"<p>Fala sobre: O que \u00e9 a neuroeduca\u00e7\u00e3o e a import\u00e2ncia da Neuroci\u00eancia na Educa\u00e7\u00e3o, falando a respeito de: Aprendizagem e processos neurais, o que entendemos por aprendizagem, a Neuroci\u00eancia para a sala de aula, os desafios do professor no cotidiano pedag\u00f3gico, o professor e a pr\u00e1tica pedag\u00f3gica e a constru\u00e7\u00e3o do processo de aprendizagem. Sobre a carga hor\u00e1ria: O curso [&hellip;]<\/p>\n","protected":false},"featured_media":0,"comment_status":"open","ping_status":"closed","template":"","meta":[],"product_brand":[],"product_cat":[213],"product_tag":[],"class_list":{"0":"post-17284","1":"product","2":"type-product","3":"status-publish","5":"product_cat-educacao-e-pedagogia","6":"post","8":"first","9":"instock","10":"virtual","11":"sold-individually","12":"product-type-simple"},"_links":{"self":[{"href":"https:\/\/treina.online\/index.php?rest_route=\/wp\/v2\/product\/17284","targetHints":{"allow":["GET"]}}],"collection":[{"href":"https:\/\/treina.online\/index.php?rest_route=\/wp\/v2\/product"}],"about":[{"href":"https:\/\/treina.online\/index.php?rest_route=\/wp\/v2\/types\/product"}],"replies":[{"embeddable":true,"href":"https:\/\/treina.online\/index.php?rest_route=%2Fwp%2Fv2%2Fcomments&post=17284"}],"version-history":[{"count":0,"href":"https:\/\/treina.online\/index.php?rest_route=\/wp\/v2\/product\/17284\/revisions"}],"wp:attachment":[{"href":"https:\/\/treina.online\/index.php?rest_route=%2Fwp%2Fv2%2Fmedia&parent=17284"}],"wp:term":[{"taxonomy":"product_brand","embeddable":true,"href":"https:\/\/treina.online\/index.php?rest_route=%2Fwp%2Fv2%2Fproduct_brand&post=17284"},{"taxonomy":"product_cat","embeddable":true,"href":"https:\/\/treina.online\/index.php?rest_route=%2Fwp%2Fv2%2Fproduct_cat&post=17284"},{"taxonomy":"product_tag","embeddable":true,"href":"https:\/\/treina.online\/index.php?rest_route=%2Fwp%2Fv2%2Fproduct_tag&post=17284"}],"curies":[{"name":"wp","href":"https:\/\/api.w.org\/{rel}","templated":true}]}}