{"id":17283,"date":"2021-01-24T18:11:36","date_gmt":"2021-01-24T20:11:36","guid":{"rendered":"http:\/\/ecursos.treinaonline.com\/produto\/curso-de-neurociencias-em-alfabetizacao-e-educacao-infantil\/"},"modified":"2021-01-24T18:11:36","modified_gmt":"2021-01-24T20:11:36","slug":"curso-de-neurociencias-em-alfabetizacao-e-educacao-infantil","status":"publish","type":"product","link":"https:\/\/treina.online\/?product=curso-de-neurociencias-em-alfabetizacao-e-educacao-infantil","title":{"rendered":"Curso de Neuroci\u00eancias em alfabetiza\u00e7\u00e3o e educa\u00e7\u00e3o infantil"},"content":{"rendered":"<p>Ser\u00e3o abordados os conceitos de neuroanatomia e de neurofisiologia, as caracter\u00edsticas das fun\u00e7\u00f5es executivas, a modificabilidade cognitiva estrutural, a an\u00e1lise lingu\u00edstica e muito mais.<\/p>\n<p>Sobre a carga hor\u00e1ria:<br \/>\nO curso possui 80 horas de carga hor\u00e1ria. Por\u00e9m, se for conclu\u00eddo antes de 5 dias, passa a ter 10 horas de carga hor\u00e1ria. Conforme nosso contrato e termos de uso.<\/p>\n","protected":false},"excerpt":{"rendered":"<p>Ser\u00e3o abordados os conceitos de neuroanatomia e de neurofisiologia, as caracter\u00edsticas das fun\u00e7\u00f5es executivas, a modificabilidade cognitiva estrutural, a an\u00e1lise lingu\u00edstica e muito mais. Sobre a carga hor\u00e1ria: O curso possui 80 horas de carga hor\u00e1ria. Por\u00e9m, se for conclu\u00eddo antes de 5 dias, passa a ter 10 horas de carga hor\u00e1ria. Conforme nosso contrato e termos de uso.<\/p>\n","protected":false},"featured_media":0,"comment_status":"open","ping_status":"closed","template":"","meta":[],"product_brand":[],"product_cat":[213],"product_tag":[],"class_list":{"0":"post-17283","1":"product","2":"type-product","3":"status-publish","5":"product_cat-educacao-e-pedagogia","6":"post","8":"first","9":"instock","10":"virtual","11":"sold-individually","12":"product-type-simple"},"_links":{"self":[{"href":"https:\/\/treina.online\/index.php?rest_route=\/wp\/v2\/product\/17283","targetHints":{"allow":["GET"]}}],"collection":[{"href":"https:\/\/treina.online\/index.php?rest_route=\/wp\/v2\/product"}],"about":[{"href":"https:\/\/treina.online\/index.php?rest_route=\/wp\/v2\/types\/product"}],"replies":[{"embeddable":true,"href":"https:\/\/treina.online\/index.php?rest_route=%2Fwp%2Fv2%2Fcomments&post=17283"}],"version-history":[{"count":0,"href":"https:\/\/treina.online\/index.php?rest_route=\/wp\/v2\/product\/17283\/revisions"}],"wp:attachment":[{"href":"https:\/\/treina.online\/index.php?rest_route=%2Fwp%2Fv2%2Fmedia&parent=17283"}],"wp:term":[{"taxonomy":"product_brand","embeddable":true,"href":"https:\/\/treina.online\/index.php?rest_route=%2Fwp%2Fv2%2Fproduct_brand&post=17283"},{"taxonomy":"product_cat","embeddable":true,"href":"https:\/\/treina.online\/index.php?rest_route=%2Fwp%2Fv2%2Fproduct_cat&post=17283"},{"taxonomy":"product_tag","embeddable":true,"href":"https:\/\/treina.online\/index.php?rest_route=%2Fwp%2Fv2%2Fproduct_tag&post=17283"}],"curies":[{"name":"wp","href":"https:\/\/api.w.org\/{rel}","templated":true}]}}