{"id":17280,"date":"2021-01-24T18:11:34","date_gmt":"2021-01-24T20:11:34","guid":{"rendered":"http:\/\/ecursos.treinaonline.com\/produto\/curso-de-mysql\/"},"modified":"2021-01-24T18:11:34","modified_gmt":"2021-01-24T20:11:34","slug":"curso-de-mysql","status":"publish","type":"product","link":"https:\/\/treina.online\/?product=curso-de-mysql","title":{"rendered":"Curso de MySQL"},"content":{"rendered":"<p>Ensina comandos iniciais, como por exemplo, a cria\u00e7\u00e3o de uma base de dados, cria\u00e7\u00e3o de tabela at\u00e9 comandos mais avan\u00e7ados, como por exemplo, JOIN e store produres.<\/p>\n<p>Sobre a carga hor\u00e1ria:<br \/>\nO curso possui 80 horas de carga hor\u00e1ria. Por\u00e9m, se for conclu\u00eddo antes de 5 dias, passa a ter 10 horas de carga hor\u00e1ria. Conforme nosso contrato e termos de uso.<\/p>\n","protected":false},"excerpt":{"rendered":"<p>Ensina comandos iniciais, como por exemplo, a cria\u00e7\u00e3o de uma base de dados, cria\u00e7\u00e3o de tabela at\u00e9 comandos mais avan\u00e7ados, como por exemplo, JOIN e store produres. Sobre a carga hor\u00e1ria: O curso possui 80 horas de carga hor\u00e1ria. Por\u00e9m, se for conclu\u00eddo antes de 5 dias, passa a ter 10 horas de carga hor\u00e1ria. Conforme nosso contrato e termos [&hellip;]<\/p>\n","protected":false},"featured_media":0,"comment_status":"open","ping_status":"closed","template":"","meta":[],"product_brand":[],"product_cat":[233],"product_tag":[],"class_list":{"0":"post-17280","1":"product","2":"type-product","3":"status-publish","5":"product_cat-programacao-e-desenvolvimento","6":"post","8":"first","9":"instock","10":"virtual","11":"sold-individually","12":"product-type-simple"},"_links":{"self":[{"href":"https:\/\/treina.online\/index.php?rest_route=\/wp\/v2\/product\/17280","targetHints":{"allow":["GET"]}}],"collection":[{"href":"https:\/\/treina.online\/index.php?rest_route=\/wp\/v2\/product"}],"about":[{"href":"https:\/\/treina.online\/index.php?rest_route=\/wp\/v2\/types\/product"}],"replies":[{"embeddable":true,"href":"https:\/\/treina.online\/index.php?rest_route=%2Fwp%2Fv2%2Fcomments&post=17280"}],"version-history":[{"count":0,"href":"https:\/\/treina.online\/index.php?rest_route=\/wp\/v2\/product\/17280\/revisions"}],"wp:attachment":[{"href":"https:\/\/treina.online\/index.php?rest_route=%2Fwp%2Fv2%2Fmedia&parent=17280"}],"wp:term":[{"taxonomy":"product_brand","embeddable":true,"href":"https:\/\/treina.online\/index.php?rest_route=%2Fwp%2Fv2%2Fproduct_brand&post=17280"},{"taxonomy":"product_cat","embeddable":true,"href":"https:\/\/treina.online\/index.php?rest_route=%2Fwp%2Fv2%2Fproduct_cat&post=17280"},{"taxonomy":"product_tag","embeddable":true,"href":"https:\/\/treina.online\/index.php?rest_route=%2Fwp%2Fv2%2Fproduct_tag&post=17280"}],"curies":[{"name":"wp","href":"https:\/\/api.w.org\/{rel}","templated":true}]}}