{"id":17273,"date":"2021-01-24T18:11:23","date_gmt":"2021-01-24T20:11:23","guid":{"rendered":"http:\/\/ecursos.treinaonline.com\/produto\/curso-de-modelagem-e-costura-para-iniciantes\/"},"modified":"2021-01-24T18:11:23","modified_gmt":"2021-01-24T20:11:23","slug":"curso-de-modelagem-e-costura-para-iniciantes","status":"publish","type":"product","link":"https:\/\/treina.online\/?product=curso-de-modelagem-e-costura-para-iniciantes","title":{"rendered":"Curso de Modelagem e costura para iniciantes"},"content":{"rendered":"<p>Voc\u00ea aprender\u00e1 sobre a confec\u00e7\u00e3o de saia, blusa e vestido desde a cria\u00e7\u00e3o dos moldes ate o acabamento na m\u00e1quina de costura. E tamb\u00e9m ajudes de roupas como o procedimento para fazer a barra de cal\u00e7as e a troca dos diferentes tipos de z\u00edperes.<\/p>\n<p>Sobre a carga hor\u00e1ria:<br \/>\nO curso possui 80 horas de carga hor\u00e1ria. Por\u00e9m, se for conclu\u00eddo antes de 5 dias, passa a ter 10 horas de carga hor\u00e1ria. Conforme nosso contrato e termos de uso.<\/p>\n","protected":false},"excerpt":{"rendered":"<p>Voc\u00ea aprender\u00e1 sobre a confec\u00e7\u00e3o de saia, blusa e vestido desde a cria\u00e7\u00e3o dos moldes ate o acabamento na m\u00e1quina de costura. E tamb\u00e9m ajudes de roupas como o procedimento para fazer a barra de cal\u00e7as e a troca dos diferentes tipos de z\u00edperes. Sobre a carga hor\u00e1ria: O curso possui 80 horas de carga hor\u00e1ria. Por\u00e9m, se for conclu\u00eddo [&hellip;]<\/p>\n","protected":false},"featured_media":0,"comment_status":"open","ping_status":"closed","template":"","meta":[],"product_brand":[],"product_cat":[226],"product_tag":[],"class_list":{"0":"post-17273","1":"product","2":"type-product","3":"status-publish","5":"product_cat-iniciacao-profissional","6":"post","8":"first","9":"instock","10":"virtual","11":"sold-individually","12":"product-type-simple"},"_links":{"self":[{"href":"https:\/\/treina.online\/index.php?rest_route=\/wp\/v2\/product\/17273","targetHints":{"allow":["GET"]}}],"collection":[{"href":"https:\/\/treina.online\/index.php?rest_route=\/wp\/v2\/product"}],"about":[{"href":"https:\/\/treina.online\/index.php?rest_route=\/wp\/v2\/types\/product"}],"replies":[{"embeddable":true,"href":"https:\/\/treina.online\/index.php?rest_route=%2Fwp%2Fv2%2Fcomments&post=17273"}],"version-history":[{"count":0,"href":"https:\/\/treina.online\/index.php?rest_route=\/wp\/v2\/product\/17273\/revisions"}],"wp:attachment":[{"href":"https:\/\/treina.online\/index.php?rest_route=%2Fwp%2Fv2%2Fmedia&parent=17273"}],"wp:term":[{"taxonomy":"product_brand","embeddable":true,"href":"https:\/\/treina.online\/index.php?rest_route=%2Fwp%2Fv2%2Fproduct_brand&post=17273"},{"taxonomy":"product_cat","embeddable":true,"href":"https:\/\/treina.online\/index.php?rest_route=%2Fwp%2Fv2%2Fproduct_cat&post=17273"},{"taxonomy":"product_tag","embeddable":true,"href":"https:\/\/treina.online\/index.php?rest_route=%2Fwp%2Fv2%2Fproduct_tag&post=17273"}],"curies":[{"name":"wp","href":"https:\/\/api.w.org\/{rel}","templated":true}]}}