{"id":17272,"date":"2021-01-24T18:11:22","date_gmt":"2021-01-24T20:11:22","guid":{"rendered":"http:\/\/ecursos.treinaonline.com\/produto\/curso-de-modelagem-de-bolos-decorados-infantis\/"},"modified":"2021-01-24T18:11:22","modified_gmt":"2021-01-24T20:11:22","slug":"curso-de-modelagem-de-bolos-decorados-infantis","status":"publish","type":"product","link":"https:\/\/treina.online\/?product=curso-de-modelagem-de-bolos-decorados-infantis","title":{"rendered":"Curso de Modelagem de Bolos Decorados Infantis"},"content":{"rendered":"<p>Aborda Introdu\u00e7\u00e3o ao conte\u00fado e aos materiais utilizados, Preparo do bolo, Pr\u00e9-preparo das massas para modelagens e decora\u00e7\u00e3o , Processo de modelagem e finaliza\u00e7\u00e3o do primeiro bolo e Modelagem dos enfeites do bolo.<\/p>\n<p>Sobre a carga hor\u00e1ria:<br \/>\nO curso possui 10 horas de carga hor\u00e1ria.<\/p>\n","protected":false},"excerpt":{"rendered":"<p>Aborda Introdu\u00e7\u00e3o ao conte\u00fado e aos materiais utilizados, Preparo do bolo, Pr\u00e9-preparo das massas para modelagens e decora\u00e7\u00e3o , Processo de modelagem e finaliza\u00e7\u00e3o do primeiro bolo e Modelagem dos enfeites do bolo. Sobre a carga hor\u00e1ria: O curso possui 10 horas de carga hor\u00e1ria.<\/p>\n","protected":false},"featured_media":0,"comment_status":"open","ping_status":"closed","template":"","meta":[],"product_brand":[],"product_cat":[212],"product_tag":[],"class_list":{"0":"post-17272","1":"product","2":"type-product","3":"status-publish","5":"product_cat-doces-e-confeitaria","6":"post","8":"first","9":"instock","10":"virtual","11":"sold-individually","12":"product-type-simple"},"_links":{"self":[{"href":"https:\/\/treina.online\/index.php?rest_route=\/wp\/v2\/product\/17272","targetHints":{"allow":["GET"]}}],"collection":[{"href":"https:\/\/treina.online\/index.php?rest_route=\/wp\/v2\/product"}],"about":[{"href":"https:\/\/treina.online\/index.php?rest_route=\/wp\/v2\/types\/product"}],"replies":[{"embeddable":true,"href":"https:\/\/treina.online\/index.php?rest_route=%2Fwp%2Fv2%2Fcomments&post=17272"}],"version-history":[{"count":0,"href":"https:\/\/treina.online\/index.php?rest_route=\/wp\/v2\/product\/17272\/revisions"}],"wp:attachment":[{"href":"https:\/\/treina.online\/index.php?rest_route=%2Fwp%2Fv2%2Fmedia&parent=17272"}],"wp:term":[{"taxonomy":"product_brand","embeddable":true,"href":"https:\/\/treina.online\/index.php?rest_route=%2Fwp%2Fv2%2Fproduct_brand&post=17272"},{"taxonomy":"product_cat","embeddable":true,"href":"https:\/\/treina.online\/index.php?rest_route=%2Fwp%2Fv2%2Fproduct_cat&post=17272"},{"taxonomy":"product_tag","embeddable":true,"href":"https:\/\/treina.online\/index.php?rest_route=%2Fwp%2Fv2%2Fproduct_tag&post=17272"}],"curies":[{"name":"wp","href":"https:\/\/api.w.org\/{rel}","templated":true}]}}