{"id":17268,"date":"2021-01-24T18:11:20","date_gmt":"2021-01-24T20:11:20","guid":{"rendered":"http:\/\/ecursos.treinaonline.com\/produto\/curso-de-metodos-pedagogicos-com-o-computador\/"},"modified":"2021-01-24T18:11:20","modified_gmt":"2021-01-24T20:11:20","slug":"curso-de-metodos-pedagogicos-com-o-computador","status":"publish","type":"product","link":"https:\/\/treina.online\/?product=curso-de-metodos-pedagogicos-com-o-computador","title":{"rendered":"Curso de M\u00e9todos Pedag\u00f3gicos com o Computador"},"content":{"rendered":"<p>Ensina sobre a inclus\u00e3o digital, a tecnologia e as m\u00eddias na educa\u00e7\u00e3o, al\u00e9m de citar as ferramentas de intera\u00e7\u00e3o e media\u00e7\u00e3o e a webquest como estrat\u00e9gia de aprendizagem.<\/p>\n<p>Sobre a carga hor\u00e1ria:<br \/>\nO curso possui 80 horas de carga hor\u00e1ria. Por\u00e9m, se for conclu\u00eddo antes de 5 dias, passa a ter 10 horas de carga hor\u00e1ria. Conforme nosso contrato e termos de uso.<\/p>\n","protected":false},"excerpt":{"rendered":"<p>Ensina sobre a inclus\u00e3o digital, a tecnologia e as m\u00eddias na educa\u00e7\u00e3o, al\u00e9m de citar as ferramentas de intera\u00e7\u00e3o e media\u00e7\u00e3o e a webquest como estrat\u00e9gia de aprendizagem. Sobre a carga hor\u00e1ria: O curso possui 80 horas de carga hor\u00e1ria. Por\u00e9m, se for conclu\u00eddo antes de 5 dias, passa a ter 10 horas de carga hor\u00e1ria. Conforme nosso contrato e [&hellip;]<\/p>\n","protected":false},"featured_media":0,"comment_status":"open","ping_status":"closed","template":"","meta":[],"product_brand":[],"product_cat":[213],"product_tag":[],"class_list":{"0":"post-17268","1":"product","2":"type-product","3":"status-publish","5":"product_cat-educacao-e-pedagogia","6":"post","8":"first","9":"instock","10":"virtual","11":"sold-individually","12":"product-type-simple"},"_links":{"self":[{"href":"https:\/\/treina.online\/index.php?rest_route=\/wp\/v2\/product\/17268","targetHints":{"allow":["GET"]}}],"collection":[{"href":"https:\/\/treina.online\/index.php?rest_route=\/wp\/v2\/product"}],"about":[{"href":"https:\/\/treina.online\/index.php?rest_route=\/wp\/v2\/types\/product"}],"replies":[{"embeddable":true,"href":"https:\/\/treina.online\/index.php?rest_route=%2Fwp%2Fv2%2Fcomments&post=17268"}],"version-history":[{"count":0,"href":"https:\/\/treina.online\/index.php?rest_route=\/wp\/v2\/product\/17268\/revisions"}],"wp:attachment":[{"href":"https:\/\/treina.online\/index.php?rest_route=%2Fwp%2Fv2%2Fmedia&parent=17268"}],"wp:term":[{"taxonomy":"product_brand","embeddable":true,"href":"https:\/\/treina.online\/index.php?rest_route=%2Fwp%2Fv2%2Fproduct_brand&post=17268"},{"taxonomy":"product_cat","embeddable":true,"href":"https:\/\/treina.online\/index.php?rest_route=%2Fwp%2Fv2%2Fproduct_cat&post=17268"},{"taxonomy":"product_tag","embeddable":true,"href":"https:\/\/treina.online\/index.php?rest_route=%2Fwp%2Fv2%2Fproduct_tag&post=17268"}],"curies":[{"name":"wp","href":"https:\/\/api.w.org\/{rel}","templated":true}]}}