{"id":17267,"date":"2021-01-24T18:11:19","date_gmt":"2021-01-24T20:11:19","guid":{"rendered":"http:\/\/ecursos.treinaonline.com\/produto\/curso-de-metodos-de-depilacao\/"},"modified":"2021-01-24T18:11:19","modified_gmt":"2021-01-24T20:11:19","slug":"curso-de-metodos-de-depilacao","status":"publish","type":"product","link":"https:\/\/treina.online\/?product=curso-de-metodos-de-depilacao","title":{"rendered":"Curso de M\u00e9todos de Depila\u00e7\u00e3o"},"content":{"rendered":"<p>Aborda os seguintes t\u00f3picos: Escolhendo o m\u00e9todo de depila\u00e7\u00e3o, Preparando os m\u00e9todos de depila\u00e7\u00e3o, Aplica\u00e7\u00e3o de cada m\u00e9todo, Preparando a cliente, Aplica\u00e7\u00e3o no bu\u00e7o, Aplica\u00e7\u00e3o na sobrancelha e Regi\u00e3o p\u00fabica.<\/p>\n<p>Sobre a carga hor\u00e1ria:<br \/>\nO curso possui 5 horas de carga hor\u00e1ria.<\/p>\n","protected":false},"excerpt":{"rendered":"<p>Aborda os seguintes t\u00f3picos: Escolhendo o m\u00e9todo de depila\u00e7\u00e3o, Preparando os m\u00e9todos de depila\u00e7\u00e3o, Aplica\u00e7\u00e3o de cada m\u00e9todo, Preparando a cliente, Aplica\u00e7\u00e3o no bu\u00e7o, Aplica\u00e7\u00e3o na sobrancelha e Regi\u00e3o p\u00fabica. Sobre a carga hor\u00e1ria: O curso possui 5 horas de carga hor\u00e1ria.<\/p>\n","protected":false},"featured_media":0,"comment_status":"open","ping_status":"closed","template":"","meta":[],"product_brand":[],"product_cat":[217],"product_tag":[],"class_list":{"0":"post-17267","1":"product","2":"type-product","3":"status-publish","5":"product_cat-estetica-e-beleza","6":"post","8":"first","9":"instock","10":"virtual","11":"sold-individually","12":"product-type-simple"},"_links":{"self":[{"href":"https:\/\/treina.online\/index.php?rest_route=\/wp\/v2\/product\/17267","targetHints":{"allow":["GET"]}}],"collection":[{"href":"https:\/\/treina.online\/index.php?rest_route=\/wp\/v2\/product"}],"about":[{"href":"https:\/\/treina.online\/index.php?rest_route=\/wp\/v2\/types\/product"}],"replies":[{"embeddable":true,"href":"https:\/\/treina.online\/index.php?rest_route=%2Fwp%2Fv2%2Fcomments&post=17267"}],"version-history":[{"count":0,"href":"https:\/\/treina.online\/index.php?rest_route=\/wp\/v2\/product\/17267\/revisions"}],"wp:attachment":[{"href":"https:\/\/treina.online\/index.php?rest_route=%2Fwp%2Fv2%2Fmedia&parent=17267"}],"wp:term":[{"taxonomy":"product_brand","embeddable":true,"href":"https:\/\/treina.online\/index.php?rest_route=%2Fwp%2Fv2%2Fproduct_brand&post=17267"},{"taxonomy":"product_cat","embeddable":true,"href":"https:\/\/treina.online\/index.php?rest_route=%2Fwp%2Fv2%2Fproduct_cat&post=17267"},{"taxonomy":"product_tag","embeddable":true,"href":"https:\/\/treina.online\/index.php?rest_route=%2Fwp%2Fv2%2Fproduct_tag&post=17267"}],"curies":[{"name":"wp","href":"https:\/\/api.w.org\/{rel}","templated":true}]}}