{"id":17260,"date":"2021-01-24T18:11:13","date_gmt":"2021-01-24T20:11:13","guid":{"rendered":"http:\/\/ecursos.treinaonline.com\/produto\/curso-de-matematica-para-o-enem-razoes-e-proporcoes\/"},"modified":"2021-01-24T18:11:13","modified_gmt":"2021-01-24T20:11:13","slug":"curso-de-matematica-para-o-enem-razoes-e-proporcoes","status":"publish","type":"product","link":"https:\/\/treina.online\/?product=curso-de-matematica-para-o-enem-razoes-e-proporcoes","title":{"rendered":"Curso de Matem\u00e1tica para o Enem: Raz\u00f5es e Propor\u00e7\u00f5es"},"content":{"rendered":"<p>Voc\u00ea aprende Raz\u00f5es e Propor\u00e7\u00f5es, Propor\u00e7\u00e3o Direta e Propor\u00e7\u00e3o Inversa.<\/p>\n<p>Sobre a carga hor\u00e1ria:<br \/>\nO curso possui 2 horas de carga hor\u00e1ria.<\/p>\n","protected":false},"excerpt":{"rendered":"<p>Voc\u00ea aprende Raz\u00f5es e Propor\u00e7\u00f5es, Propor\u00e7\u00e3o Direta e Propor\u00e7\u00e3o Inversa. Sobre a carga hor\u00e1ria: O curso possui 2 horas de carga hor\u00e1ria.<\/p>\n","protected":false},"featured_media":0,"comment_status":"open","ping_status":"closed","template":"","meta":[],"product_brand":[],"product_cat":[210],"product_tag":[],"class_list":{"0":"post-17260","1":"product","2":"type-product","3":"status-publish","5":"product_cat-cursinho-pre-vestibular","6":"post","8":"first","9":"instock","10":"virtual","11":"sold-individually","12":"product-type-simple"},"_links":{"self":[{"href":"https:\/\/treina.online\/index.php?rest_route=\/wp\/v2\/product\/17260","targetHints":{"allow":["GET"]}}],"collection":[{"href":"https:\/\/treina.online\/index.php?rest_route=\/wp\/v2\/product"}],"about":[{"href":"https:\/\/treina.online\/index.php?rest_route=\/wp\/v2\/types\/product"}],"replies":[{"embeddable":true,"href":"https:\/\/treina.online\/index.php?rest_route=%2Fwp%2Fv2%2Fcomments&post=17260"}],"version-history":[{"count":0,"href":"https:\/\/treina.online\/index.php?rest_route=\/wp\/v2\/product\/17260\/revisions"}],"wp:attachment":[{"href":"https:\/\/treina.online\/index.php?rest_route=%2Fwp%2Fv2%2Fmedia&parent=17260"}],"wp:term":[{"taxonomy":"product_brand","embeddable":true,"href":"https:\/\/treina.online\/index.php?rest_route=%2Fwp%2Fv2%2Fproduct_brand&post=17260"},{"taxonomy":"product_cat","embeddable":true,"href":"https:\/\/treina.online\/index.php?rest_route=%2Fwp%2Fv2%2Fproduct_cat&post=17260"},{"taxonomy":"product_tag","embeddable":true,"href":"https:\/\/treina.online\/index.php?rest_route=%2Fwp%2Fv2%2Fproduct_tag&post=17260"}],"curies":[{"name":"wp","href":"https:\/\/api.w.org\/{rel}","templated":true}]}}