{"id":17250,"date":"2021-01-24T18:11:02","date_gmt":"2021-01-24T20:11:02","guid":{"rendered":"http:\/\/ecursos.treinaonline.com\/produto\/curso-de-massoterapia\/"},"modified":"2021-01-24T18:11:02","modified_gmt":"2021-01-24T20:11:02","slug":"curso-de-massoterapia","status":"publish","type":"product","link":"https:\/\/treina.online\/?product=curso-de-massoterapia","title":{"rendered":"Curso de Massoterapia"},"content":{"rendered":"<p>Voc\u00ea aprender\u00e1 os principais conceitos e aplica\u00e7\u00f5es das t\u00e9cnicas massoterap\u00eauticas, al\u00e9m de acompanhar a pr\u00e1tica das manobras e os aparatos que auxiliam no processo de massagem facial, de massagem relaxante cl\u00e1ssica, de massagem modeladora e de quick massage.<\/p>\n<p>Sobre a carga hor\u00e1ria:<br \/>\nO curso possui 80 horas de carga hor\u00e1ria. Por\u00e9m, se for conclu\u00eddo antes de 5 dias, passa a ter 10 horas de carga hor\u00e1ria. Conforme nosso contrato e termos de uso.<\/p>\n","protected":false},"excerpt":{"rendered":"<p>Voc\u00ea aprender\u00e1 os principais conceitos e aplica\u00e7\u00f5es das t\u00e9cnicas massoterap\u00eauticas, al\u00e9m de acompanhar a pr\u00e1tica das manobras e os aparatos que auxiliam no processo de massagem facial, de massagem relaxante cl\u00e1ssica, de massagem modeladora e de quick massage. Sobre a carga hor\u00e1ria: O curso possui 80 horas de carga hor\u00e1ria. Por\u00e9m, se for conclu\u00eddo antes de 5 dias, passa a [&hellip;]<\/p>\n","protected":false},"featured_media":0,"comment_status":"open","ping_status":"closed","template":"","meta":[],"product_brand":[],"product_cat":[217],"product_tag":[],"class_list":{"0":"post-17250","1":"product","2":"type-product","3":"status-publish","5":"product_cat-estetica-e-beleza","6":"post","8":"first","9":"instock","10":"virtual","11":"sold-individually","12":"product-type-simple"},"_links":{"self":[{"href":"https:\/\/treina.online\/index.php?rest_route=\/wp\/v2\/product\/17250","targetHints":{"allow":["GET"]}}],"collection":[{"href":"https:\/\/treina.online\/index.php?rest_route=\/wp\/v2\/product"}],"about":[{"href":"https:\/\/treina.online\/index.php?rest_route=\/wp\/v2\/types\/product"}],"replies":[{"embeddable":true,"href":"https:\/\/treina.online\/index.php?rest_route=%2Fwp%2Fv2%2Fcomments&post=17250"}],"version-history":[{"count":0,"href":"https:\/\/treina.online\/index.php?rest_route=\/wp\/v2\/product\/17250\/revisions"}],"wp:attachment":[{"href":"https:\/\/treina.online\/index.php?rest_route=%2Fwp%2Fv2%2Fmedia&parent=17250"}],"wp:term":[{"taxonomy":"product_brand","embeddable":true,"href":"https:\/\/treina.online\/index.php?rest_route=%2Fwp%2Fv2%2Fproduct_brand&post=17250"},{"taxonomy":"product_cat","embeddable":true,"href":"https:\/\/treina.online\/index.php?rest_route=%2Fwp%2Fv2%2Fproduct_cat&post=17250"},{"taxonomy":"product_tag","embeddable":true,"href":"https:\/\/treina.online\/index.php?rest_route=%2Fwp%2Fv2%2Fproduct_tag&post=17250"}],"curies":[{"name":"wp","href":"https:\/\/api.w.org\/{rel}","templated":true}]}}