{"id":17243,"date":"2021-01-24T18:10:57","date_gmt":"2021-01-24T20:10:57","guid":{"rendered":"http:\/\/ecursos.treinaonline.com\/produto\/curso-de-marketing-na-gestao-empresarial\/"},"modified":"2021-01-24T18:10:57","modified_gmt":"2021-01-24T20:10:57","slug":"curso-de-marketing-na-gestao-empresarial","status":"publish","type":"product","link":"https:\/\/treina.online\/?product=curso-de-marketing-na-gestao-empresarial","title":{"rendered":"Curso de Marketing na Gest\u00e3o Empresarial"},"content":{"rendered":"<p>Explica abordar sobre o Marketing na Gest\u00e3o Empresarial. Voc\u00ea vai aprender sobre a Hist\u00f3ria do Marketing, assim como Peter Drucker conhecido como o pai do marketing, conhecer\u00e1 os pilares para identifica\u00e7\u00e3o da estrat\u00e9gia e tamb\u00e9m a diferen\u00e7a entre produtos e servi\u00e7os e tamb\u00e9m conhecer\u00e1 alguns casos de sucesso de empresas que utilizaram um plano de intelig\u00eancia de mercado.<\/p>\n<p>Sobre a carga hor\u00e1ria:<br \/>\nO curso possui 80 horas de carga hor\u00e1ria. Por\u00e9m, se for conclu\u00eddo antes de 5 dias, passa a ter 10 horas de carga hor\u00e1ria. Conforme nosso contrato e termos de uso.<\/p>\n","protected":false},"excerpt":{"rendered":"<p>Explica abordar sobre o Marketing na Gest\u00e3o Empresarial. Voc\u00ea vai aprender sobre a Hist\u00f3ria do Marketing, assim como Peter Drucker conhecido como o pai do marketing, conhecer\u00e1 os pilares para identifica\u00e7\u00e3o da estrat\u00e9gia e tamb\u00e9m a diferen\u00e7a entre produtos e servi\u00e7os e tamb\u00e9m conhecer\u00e1 alguns casos de sucesso de empresas que utilizaram um plano de intelig\u00eancia de mercado. Sobre a [&hellip;]<\/p>\n","protected":false},"featured_media":0,"comment_status":"open","ping_status":"closed","template":"","meta":[],"product_brand":[],"product_cat":[223],"product_tag":[],"class_list":{"0":"post-17243","1":"product","2":"type-product","3":"status-publish","5":"product_cat-gestao-e-lideranca","6":"post","8":"first","9":"instock","10":"virtual","11":"sold-individually","12":"product-type-simple"},"_links":{"self":[{"href":"https:\/\/treina.online\/index.php?rest_route=\/wp\/v2\/product\/17243","targetHints":{"allow":["GET"]}}],"collection":[{"href":"https:\/\/treina.online\/index.php?rest_route=\/wp\/v2\/product"}],"about":[{"href":"https:\/\/treina.online\/index.php?rest_route=\/wp\/v2\/types\/product"}],"replies":[{"embeddable":true,"href":"https:\/\/treina.online\/index.php?rest_route=%2Fwp%2Fv2%2Fcomments&post=17243"}],"version-history":[{"count":0,"href":"https:\/\/treina.online\/index.php?rest_route=\/wp\/v2\/product\/17243\/revisions"}],"wp:attachment":[{"href":"https:\/\/treina.online\/index.php?rest_route=%2Fwp%2Fv2%2Fmedia&parent=17243"}],"wp:term":[{"taxonomy":"product_brand","embeddable":true,"href":"https:\/\/treina.online\/index.php?rest_route=%2Fwp%2Fv2%2Fproduct_brand&post=17243"},{"taxonomy":"product_cat","embeddable":true,"href":"https:\/\/treina.online\/index.php?rest_route=%2Fwp%2Fv2%2Fproduct_cat&post=17243"},{"taxonomy":"product_tag","embeddable":true,"href":"https:\/\/treina.online\/index.php?rest_route=%2Fwp%2Fv2%2Fproduct_tag&post=17243"}],"curies":[{"name":"wp","href":"https:\/\/api.w.org\/{rel}","templated":true}]}}