{"id":17242,"date":"2021-01-24T18:10:56","date_gmt":"2021-01-24T20:10:56","guid":{"rendered":"http:\/\/ecursos.treinaonline.com\/produto\/curso-de-marketing-internacional\/"},"modified":"2021-01-24T18:10:56","modified_gmt":"2021-01-24T20:10:56","slug":"curso-de-marketing-internacional","status":"publish","type":"product","link":"https:\/\/treina.online\/?product=curso-de-marketing-internacional","title":{"rendered":"Curso de Marketing Internacional"},"content":{"rendered":"<p>Apresenta sobre Marketing Internacional. o que \u00e9 marketing, marketing mix, an\u00e1lise estrat\u00e9gica, segmenta\u00e7\u00e3o de mercado e posicionamento. Al\u00e9m disso, tamb\u00e9m ir\u00e1 conferir o que \u00e9 an\u00e1lise estrat\u00e9gica, marca, canais de distribui\u00e7\u00e3o, alian\u00e7a estrat\u00e9gica , posicionamento estrat\u00e9gico internacional e muito mais.<\/p>\n<p>Sobre a carga hor\u00e1ria:<br \/>\nO curso possui 80 horas de carga hor\u00e1ria. Por\u00e9m, se for conclu\u00eddo antes de 5 dias, passa a ter 10 horas de carga hor\u00e1ria. Conforme nosso contrato e termos de uso.<\/p>\n","protected":false},"excerpt":{"rendered":"<p>Apresenta sobre Marketing Internacional. o que \u00e9 marketing, marketing mix, an\u00e1lise estrat\u00e9gica, segmenta\u00e7\u00e3o de mercado e posicionamento. Al\u00e9m disso, tamb\u00e9m ir\u00e1 conferir o que \u00e9 an\u00e1lise estrat\u00e9gica, marca, canais de distribui\u00e7\u00e3o, alian\u00e7a estrat\u00e9gica , posicionamento estrat\u00e9gico internacional e muito mais. Sobre a carga hor\u00e1ria: O curso possui 80 horas de carga hor\u00e1ria. Por\u00e9m, se for conclu\u00eddo antes de 5 dias, [&hellip;]<\/p>\n","protected":false},"featured_media":0,"comment_status":"open","ping_status":"closed","template":"","meta":[],"product_brand":[],"product_cat":[235],"product_tag":[],"class_list":{"0":"post-17242","1":"product","2":"type-product","3":"status-publish","5":"product_cat-publicidade-e-marketing","6":"post","8":"first","9":"instock","10":"virtual","11":"sold-individually","12":"product-type-simple"},"_links":{"self":[{"href":"https:\/\/treina.online\/index.php?rest_route=\/wp\/v2\/product\/17242","targetHints":{"allow":["GET"]}}],"collection":[{"href":"https:\/\/treina.online\/index.php?rest_route=\/wp\/v2\/product"}],"about":[{"href":"https:\/\/treina.online\/index.php?rest_route=\/wp\/v2\/types\/product"}],"replies":[{"embeddable":true,"href":"https:\/\/treina.online\/index.php?rest_route=%2Fwp%2Fv2%2Fcomments&post=17242"}],"version-history":[{"count":0,"href":"https:\/\/treina.online\/index.php?rest_route=\/wp\/v2\/product\/17242\/revisions"}],"wp:attachment":[{"href":"https:\/\/treina.online\/index.php?rest_route=%2Fwp%2Fv2%2Fmedia&parent=17242"}],"wp:term":[{"taxonomy":"product_brand","embeddable":true,"href":"https:\/\/treina.online\/index.php?rest_route=%2Fwp%2Fv2%2Fproduct_brand&post=17242"},{"taxonomy":"product_cat","embeddable":true,"href":"https:\/\/treina.online\/index.php?rest_route=%2Fwp%2Fv2%2Fproduct_cat&post=17242"},{"taxonomy":"product_tag","embeddable":true,"href":"https:\/\/treina.online\/index.php?rest_route=%2Fwp%2Fv2%2Fproduct_tag&post=17242"}],"curies":[{"name":"wp","href":"https:\/\/api.w.org\/{rel}","templated":true}]}}