{"id":17241,"date":"2021-01-24T18:10:55","date_gmt":"2021-01-24T20:10:55","guid":{"rendered":"http:\/\/ecursos.treinaonline.com\/produto\/curso-de-marketing-estrategico\/"},"modified":"2021-01-24T18:10:55","modified_gmt":"2021-01-24T20:10:55","slug":"curso-de-marketing-estrategico","status":"publish","type":"product","link":"https:\/\/treina.online\/?product=curso-de-marketing-estrategico","title":{"rendered":"Curso de Marketing Estrat\u00e9gico"},"content":{"rendered":"<p>Explica sobre os conceitos e objetivos do marketing, as estrat\u00e9gias competitivas e o marketing no contexto empresarial. Al\u00e9m disso, voc\u00ea aprender\u00e1 a import\u00e2ncia da gest\u00e3o da marca e aspectos relacionados ao consumidor.<\/p>\n<p>Sobre a carga hor\u00e1ria:<br \/>\nO curso possui 80 horas de carga hor\u00e1ria. Por\u00e9m, se for conclu\u00eddo antes de 5 dias, passa a ter 10 horas de carga hor\u00e1ria. Conforme nosso contrato e termos de uso.<\/p>\n","protected":false},"excerpt":{"rendered":"<p>Explica sobre os conceitos e objetivos do marketing, as estrat\u00e9gias competitivas e o marketing no contexto empresarial. Al\u00e9m disso, voc\u00ea aprender\u00e1 a import\u00e2ncia da gest\u00e3o da marca e aspectos relacionados ao consumidor. Sobre a carga hor\u00e1ria: O curso possui 80 horas de carga hor\u00e1ria. Por\u00e9m, se for conclu\u00eddo antes de 5 dias, passa a ter 10 horas de carga hor\u00e1ria. [&hellip;]<\/p>\n","protected":false},"featured_media":0,"comment_status":"open","ping_status":"closed","template":"","meta":[],"product_brand":[],"product_cat":[235],"product_tag":[],"class_list":{"0":"post-17241","1":"product","2":"type-product","3":"status-publish","5":"product_cat-publicidade-e-marketing","6":"post","8":"first","9":"instock","10":"virtual","11":"sold-individually","12":"product-type-simple"},"_links":{"self":[{"href":"https:\/\/treina.online\/index.php?rest_route=\/wp\/v2\/product\/17241","targetHints":{"allow":["GET"]}}],"collection":[{"href":"https:\/\/treina.online\/index.php?rest_route=\/wp\/v2\/product"}],"about":[{"href":"https:\/\/treina.online\/index.php?rest_route=\/wp\/v2\/types\/product"}],"replies":[{"embeddable":true,"href":"https:\/\/treina.online\/index.php?rest_route=%2Fwp%2Fv2%2Fcomments&post=17241"}],"version-history":[{"count":0,"href":"https:\/\/treina.online\/index.php?rest_route=\/wp\/v2\/product\/17241\/revisions"}],"wp:attachment":[{"href":"https:\/\/treina.online\/index.php?rest_route=%2Fwp%2Fv2%2Fmedia&parent=17241"}],"wp:term":[{"taxonomy":"product_brand","embeddable":true,"href":"https:\/\/treina.online\/index.php?rest_route=%2Fwp%2Fv2%2Fproduct_brand&post=17241"},{"taxonomy":"product_cat","embeddable":true,"href":"https:\/\/treina.online\/index.php?rest_route=%2Fwp%2Fv2%2Fproduct_cat&post=17241"},{"taxonomy":"product_tag","embeddable":true,"href":"https:\/\/treina.online\/index.php?rest_route=%2Fwp%2Fv2%2Fproduct_tag&post=17241"}],"curies":[{"name":"wp","href":"https:\/\/api.w.org\/{rel}","templated":true}]}}