{"id":17240,"date":"2021-01-24T18:10:54","date_gmt":"2021-01-24T20:10:54","guid":{"rendered":"http:\/\/ecursos.treinaonline.com\/produto\/curso-de-marketing-e-o-mundo-globalizado\/"},"modified":"2021-01-24T18:10:54","modified_gmt":"2021-01-24T20:10:54","slug":"curso-de-marketing-e-o-mundo-globalizado","status":"publish","type":"product","link":"https:\/\/treina.online\/?product=curso-de-marketing-e-o-mundo-globalizado","title":{"rendered":"Curso de Marketing e o Mundo Globalizado"},"content":{"rendered":"<p>Aborda O marketing nos dias atuais , O que \u00e9 marketing pessoal? , Quem \u00e9 o seu cliente?, O que o cliente procura? , O que \u00e9 valor para o cliente? , Qualidade e valor para o cliente, Conhecendo o seu cliente no ambiente digital, O que \u00e9 marketing digital? , Planejamento de marketing, Comunica\u00e7\u00e3o de marketing , O que \u00e9 comunica\u00e7\u00e3o eficiente? , Objetivos da comunica\u00e7\u00e3o , O Cliente e as M\u00eddias Sociais, O cliente no mundo virtual , Comunica\u00e7\u00e3o de Marketing e Mix de Comunica\u00e7\u00e3o, Premissas de um bom profissional de marketing , Marketing pessoal e estrat\u00e9gia , A\u00e7\u00f5es digitais e comunica\u00e7\u00e3o, Atua\u00e7\u00e3o em Mercados Internacionais, Neg\u00f3cio digital: sua marca online, O novo consumidor e as m\u00eddias sociais, Como a Internet pode ajudar?, Google Adwords, Marketing digital no Google, O que \u00e9 SEO?, Como fazer Linkbuilding, Escolhendo seu &#8220;nicho&#8221; e &#8220;personas&#8221;, A\u00e7\u00f5es e estrat\u00e9gias de merchandising, O consumidor conectado, An\u00e1lise Estrat\u00e9gica, A Interface Marketing + Vendas , Constru\u00e7\u00e3o da sua marca pessoal, Comunique-se, Construindo seu networking e Posicionamento profissional .<\/p>\n<p>Sobre a carga hor\u00e1ria:<br \/>\nO curso possui 80 horas de carga hor\u00e1ria. Por\u00e9m, se for conclu\u00eddo antes de 5 dias, passa a ter 10 horas de carga hor\u00e1ria. Conforme nosso contrato e termos de uso.<\/p>\n","protected":false},"excerpt":{"rendered":"<p>Aborda O marketing nos dias atuais , O que \u00e9 marketing pessoal? , Quem \u00e9 o seu cliente?, O que o cliente procura? , O que \u00e9 valor para o cliente? , Qualidade e valor para o cliente, Conhecendo o seu cliente no ambiente digital, O que \u00e9 marketing digital? , Planejamento de marketing, Comunica\u00e7\u00e3o de marketing , O que [&hellip;]<\/p>\n","protected":false},"featured_media":0,"comment_status":"open","ping_status":"closed","template":"","meta":[],"product_brand":[],"product_cat":[235],"product_tag":[],"class_list":{"0":"post-17240","1":"product","2":"type-product","3":"status-publish","5":"product_cat-publicidade-e-marketing","6":"post","8":"first","9":"instock","10":"virtual","11":"sold-individually","12":"product-type-simple"},"_links":{"self":[{"href":"https:\/\/treina.online\/index.php?rest_route=\/wp\/v2\/product\/17240","targetHints":{"allow":["GET"]}}],"collection":[{"href":"https:\/\/treina.online\/index.php?rest_route=\/wp\/v2\/product"}],"about":[{"href":"https:\/\/treina.online\/index.php?rest_route=\/wp\/v2\/types\/product"}],"replies":[{"embeddable":true,"href":"https:\/\/treina.online\/index.php?rest_route=%2Fwp%2Fv2%2Fcomments&post=17240"}],"version-history":[{"count":0,"href":"https:\/\/treina.online\/index.php?rest_route=\/wp\/v2\/product\/17240\/revisions"}],"wp:attachment":[{"href":"https:\/\/treina.online\/index.php?rest_route=%2Fwp%2Fv2%2Fmedia&parent=17240"}],"wp:term":[{"taxonomy":"product_brand","embeddable":true,"href":"https:\/\/treina.online\/index.php?rest_route=%2Fwp%2Fv2%2Fproduct_brand&post=17240"},{"taxonomy":"product_cat","embeddable":true,"href":"https:\/\/treina.online\/index.php?rest_route=%2Fwp%2Fv2%2Fproduct_cat&post=17240"},{"taxonomy":"product_tag","embeddable":true,"href":"https:\/\/treina.online\/index.php?rest_route=%2Fwp%2Fv2%2Fproduct_tag&post=17240"}],"curies":[{"name":"wp","href":"https:\/\/api.w.org\/{rel}","templated":true}]}}