{"id":17233,"date":"2021-01-24T18:10:44","date_gmt":"2021-01-24T20:10:44","guid":{"rendered":"http:\/\/ecursos.treinaonline.com\/produto\/curso-de-maquiagem-profissional-para-noivas-e-festas\/"},"modified":"2021-01-24T18:10:44","modified_gmt":"2021-01-24T20:10:44","slug":"curso-de-maquiagem-profissional-para-noivas-e-festas","status":"publish","type":"product","link":"https:\/\/treina.online\/?product=curso-de-maquiagem-profissional-para-noivas-e-festas","title":{"rendered":"Curso de Maquiagem Profissional para Noivas e Festas"},"content":{"rendered":"<p>Ensina todos os passos de prepara\u00e7\u00e3o de pele, luz e sombra, tend\u00eancias de maquiagem, maquiagem para madrinha, noivas, debutantes e para festas dia e noite para os profissionais que j\u00e1 trabalham na \u00e1rea de maquiagem ou para quem quer come\u00e7ar.<\/p>\n<p>Sobre a carga hor\u00e1ria:<br \/>\nO curso possui 80 horas de carga hor\u00e1ria. Por\u00e9m, se for conclu\u00eddo antes de 5 dias, passa a ter 10 horas de carga hor\u00e1ria. Conforme nosso contrato e termos de uso.<\/p>\n","protected":false},"excerpt":{"rendered":"<p>Ensina todos os passos de prepara\u00e7\u00e3o de pele, luz e sombra, tend\u00eancias de maquiagem, maquiagem para madrinha, noivas, debutantes e para festas dia e noite para os profissionais que j\u00e1 trabalham na \u00e1rea de maquiagem ou para quem quer come\u00e7ar. Sobre a carga hor\u00e1ria: O curso possui 80 horas de carga hor\u00e1ria. Por\u00e9m, se for conclu\u00eddo antes de 5 dias, [&hellip;]<\/p>\n","protected":false},"featured_media":0,"comment_status":"open","ping_status":"closed","template":"","meta":[],"product_brand":[],"product_cat":[217],"product_tag":[],"class_list":{"0":"post-17233","1":"product","2":"type-product","3":"status-publish","5":"product_cat-estetica-e-beleza","6":"post","8":"first","9":"instock","10":"virtual","11":"sold-individually","12":"product-type-simple"},"_links":{"self":[{"href":"https:\/\/treina.online\/index.php?rest_route=\/wp\/v2\/product\/17233","targetHints":{"allow":["GET"]}}],"collection":[{"href":"https:\/\/treina.online\/index.php?rest_route=\/wp\/v2\/product"}],"about":[{"href":"https:\/\/treina.online\/index.php?rest_route=\/wp\/v2\/types\/product"}],"replies":[{"embeddable":true,"href":"https:\/\/treina.online\/index.php?rest_route=%2Fwp%2Fv2%2Fcomments&post=17233"}],"version-history":[{"count":0,"href":"https:\/\/treina.online\/index.php?rest_route=\/wp\/v2\/product\/17233\/revisions"}],"wp:attachment":[{"href":"https:\/\/treina.online\/index.php?rest_route=%2Fwp%2Fv2%2Fmedia&parent=17233"}],"wp:term":[{"taxonomy":"product_brand","embeddable":true,"href":"https:\/\/treina.online\/index.php?rest_route=%2Fwp%2Fv2%2Fproduct_brand&post=17233"},{"taxonomy":"product_cat","embeddable":true,"href":"https:\/\/treina.online\/index.php?rest_route=%2Fwp%2Fv2%2Fproduct_cat&post=17233"},{"taxonomy":"product_tag","embeddable":true,"href":"https:\/\/treina.online\/index.php?rest_route=%2Fwp%2Fv2%2Fproduct_tag&post=17233"}],"curies":[{"name":"wp","href":"https:\/\/api.w.org\/{rel}","templated":true}]}}