{"id":17228,"date":"2021-01-24T18:10:40","date_gmt":"2021-01-24T20:10:40","guid":{"rendered":"http:\/\/ecursos.treinaonline.com\/produto\/curso-de-maquetes-arquitetonicas-introducao\/"},"modified":"2021-01-24T18:10:40","modified_gmt":"2021-01-24T20:10:40","slug":"curso-de-maquetes-arquitetonicas-introducao","status":"publish","type":"product","link":"https:\/\/treina.online\/?product=curso-de-maquetes-arquitetonicas-introducao","title":{"rendered":"Curso de Maquetes Arquitet\u00f4nicas: Introdu\u00e7\u00e3o"},"content":{"rendered":"<p>Voc\u00ea aprende O papel da maquete hoje e tipologia das maquetes, Instrumentos e materiais e Escalas das maquetes arquitet\u00f4nicas .<\/p>\n<p>Sobre a carga hor\u00e1ria:<br \/>\nO curso possui 2 horas de carga hor\u00e1ria.<\/p>\n","protected":false},"excerpt":{"rendered":"<p>Voc\u00ea aprende O papel da maquete hoje e tipologia das maquetes, Instrumentos e materiais e Escalas das maquetes arquitet\u00f4nicas . Sobre a carga hor\u00e1ria: O curso possui 2 horas de carga hor\u00e1ria.<\/p>\n","protected":false},"featured_media":0,"comment_status":"open","ping_status":"closed","template":"","meta":[],"product_brand":[],"product_cat":[202],"product_tag":[],"class_list":{"0":"post-17228","1":"product","2":"type-product","3":"status-publish","5":"product_cat-arquitetura-e-engenharia","6":"post","8":"first","9":"instock","10":"virtual","11":"sold-individually","12":"product-type-simple"},"_links":{"self":[{"href":"https:\/\/treina.online\/index.php?rest_route=\/wp\/v2\/product\/17228","targetHints":{"allow":["GET"]}}],"collection":[{"href":"https:\/\/treina.online\/index.php?rest_route=\/wp\/v2\/product"}],"about":[{"href":"https:\/\/treina.online\/index.php?rest_route=\/wp\/v2\/types\/product"}],"replies":[{"embeddable":true,"href":"https:\/\/treina.online\/index.php?rest_route=%2Fwp%2Fv2%2Fcomments&post=17228"}],"version-history":[{"count":0,"href":"https:\/\/treina.online\/index.php?rest_route=\/wp\/v2\/product\/17228\/revisions"}],"wp:attachment":[{"href":"https:\/\/treina.online\/index.php?rest_route=%2Fwp%2Fv2%2Fmedia&parent=17228"}],"wp:term":[{"taxonomy":"product_brand","embeddable":true,"href":"https:\/\/treina.online\/index.php?rest_route=%2Fwp%2Fv2%2Fproduct_brand&post=17228"},{"taxonomy":"product_cat","embeddable":true,"href":"https:\/\/treina.online\/index.php?rest_route=%2Fwp%2Fv2%2Fproduct_cat&post=17228"},{"taxonomy":"product_tag","embeddable":true,"href":"https:\/\/treina.online\/index.php?rest_route=%2Fwp%2Fv2%2Fproduct_tag&post=17228"}],"curies":[{"name":"wp","href":"https:\/\/api.w.org\/{rel}","templated":true}]}}