{"id":17227,"date":"2021-01-24T18:10:39","date_gmt":"2021-01-24T20:10:39","guid":{"rendered":"http:\/\/ecursos.treinaonline.com\/produto\/curso-de-maquetes-arquitetonicas\/"},"modified":"2021-01-24T18:10:39","modified_gmt":"2021-01-24T20:10:39","slug":"curso-de-maquetes-arquitetonicas","status":"publish","type":"product","link":"https:\/\/treina.online\/?product=curso-de-maquetes-arquitetonicas","title":{"rendered":"Curso de Maquetes Arquitet\u00f4nicas"},"content":{"rendered":"<p>Apresenta os conceitos b\u00e1sicos de elabora\u00e7\u00e3o de maquetes arquitet\u00f4nicas. Neste curso voc\u00ea aprender\u00e1 a interpretar desenhos t\u00e9cnicos, criar diagramas de cortes, fazer paisagismo, fazer revestimentos e acabamentos de maquetes dentre outros conceitos. Voc\u00ea conseguir\u00e1 materializar projetos arquitet\u00f4nicos, o curso serve como auxilio para estudantes de arquitetura, t\u00e9cnicos de edifica\u00e7\u00f5es e futuros projetistas.<\/p>\n<p>Sobre a carga hor\u00e1ria:<br \/>\nO curso possui 80 horas de carga hor\u00e1ria. Por\u00e9m, se for conclu\u00eddo antes de 5 dias, passa a ter 10 horas de carga hor\u00e1ria. Conforme nosso contrato e termos de uso.<\/p>\n","protected":false},"excerpt":{"rendered":"<p>Apresenta os conceitos b\u00e1sicos de elabora\u00e7\u00e3o de maquetes arquitet\u00f4nicas. Neste curso voc\u00ea aprender\u00e1 a interpretar desenhos t\u00e9cnicos, criar diagramas de cortes, fazer paisagismo, fazer revestimentos e acabamentos de maquetes dentre outros conceitos. Voc\u00ea conseguir\u00e1 materializar projetos arquitet\u00f4nicos, o curso serve como auxilio para estudantes de arquitetura, t\u00e9cnicos de edifica\u00e7\u00f5es e futuros projetistas. Sobre a carga hor\u00e1ria: O curso possui 80 [&hellip;]<\/p>\n","protected":false},"featured_media":0,"comment_status":"open","ping_status":"closed","template":"","meta":[],"product_brand":[],"product_cat":[202],"product_tag":[],"class_list":{"0":"post-17227","1":"product","2":"type-product","3":"status-publish","5":"product_cat-arquitetura-e-engenharia","6":"post","8":"first","9":"instock","10":"virtual","11":"sold-individually","12":"product-type-simple"},"_links":{"self":[{"href":"https:\/\/treina.online\/index.php?rest_route=\/wp\/v2\/product\/17227","targetHints":{"allow":["GET"]}}],"collection":[{"href":"https:\/\/treina.online\/index.php?rest_route=\/wp\/v2\/product"}],"about":[{"href":"https:\/\/treina.online\/index.php?rest_route=\/wp\/v2\/types\/product"}],"replies":[{"embeddable":true,"href":"https:\/\/treina.online\/index.php?rest_route=%2Fwp%2Fv2%2Fcomments&post=17227"}],"version-history":[{"count":0,"href":"https:\/\/treina.online\/index.php?rest_route=\/wp\/v2\/product\/17227\/revisions"}],"wp:attachment":[{"href":"https:\/\/treina.online\/index.php?rest_route=%2Fwp%2Fv2%2Fmedia&parent=17227"}],"wp:term":[{"taxonomy":"product_brand","embeddable":true,"href":"https:\/\/treina.online\/index.php?rest_route=%2Fwp%2Fv2%2Fproduct_brand&post=17227"},{"taxonomy":"product_cat","embeddable":true,"href":"https:\/\/treina.online\/index.php?rest_route=%2Fwp%2Fv2%2Fproduct_cat&post=17227"},{"taxonomy":"product_tag","embeddable":true,"href":"https:\/\/treina.online\/index.php?rest_route=%2Fwp%2Fv2%2Fproduct_tag&post=17227"}],"curies":[{"name":"wp","href":"https:\/\/api.w.org\/{rel}","templated":true}]}}