{"id":17223,"date":"2021-01-24T18:10:35","date_gmt":"2021-01-24T20:10:35","guid":{"rendered":"http:\/\/ecursos.treinaonline.com\/produto\/curso-de-manicure-e-pedicure\/"},"modified":"2021-01-24T18:10:35","modified_gmt":"2021-01-24T20:10:35","slug":"curso-de-manicure-e-pedicure","status":"publish","type":"product","link":"https:\/\/treina.online\/?product=curso-de-manicure-e-pedicure","title":{"rendered":"Curso de Manicure e Pedicure"},"content":{"rendered":"<p>Ensina o passo a passo para fazer unhas das m\u00e3os e dos p\u00e9s, al\u00e9m de unhas masculinas e para crian\u00e7as.Voc\u00ea vai aprender como cortar as unhas, lixar, remover cut\u00edculas, t\u00e9cnicas para pintar as unhas e ter uma esmalta\u00e7\u00e3o perfeita, e claro, dicas para se tornar um profissional de sucesso, ensinando sobre as regras do mercado, higiene e esteriliza\u00e7\u00e3o dos materiais, como montar um kit, a hist\u00f3ria da profiss\u00e3o e como se apresentar para suas clientes.<\/p>\n<p>Sobre a carga hor\u00e1ria:<br \/>\nO curso possui 80 horas de carga hor\u00e1ria. Por\u00e9m, se for conclu\u00eddo antes de 5 dias, passa a ter 10 horas de carga hor\u00e1ria. Conforme nosso contrato e termos de uso.<\/p>\n","protected":false},"excerpt":{"rendered":"<p>Ensina o passo a passo para fazer unhas das m\u00e3os e dos p\u00e9s, al\u00e9m de unhas masculinas e para crian\u00e7as.Voc\u00ea vai aprender como cortar as unhas, lixar, remover cut\u00edculas, t\u00e9cnicas para pintar as unhas e ter uma esmalta\u00e7\u00e3o perfeita, e claro, dicas para se tornar um profissional de sucesso, ensinando sobre as regras do mercado, higiene e esteriliza\u00e7\u00e3o dos materiais, [&hellip;]<\/p>\n","protected":false},"featured_media":0,"comment_status":"open","ping_status":"closed","template":"","meta":[],"product_brand":[],"product_cat":[217],"product_tag":[],"class_list":{"0":"post-17223","1":"product","2":"type-product","3":"status-publish","5":"product_cat-estetica-e-beleza","6":"post","8":"first","9":"instock","10":"virtual","11":"sold-individually","12":"product-type-simple"},"_links":{"self":[{"href":"https:\/\/treina.online\/index.php?rest_route=\/wp\/v2\/product\/17223","targetHints":{"allow":["GET"]}}],"collection":[{"href":"https:\/\/treina.online\/index.php?rest_route=\/wp\/v2\/product"}],"about":[{"href":"https:\/\/treina.online\/index.php?rest_route=\/wp\/v2\/types\/product"}],"replies":[{"embeddable":true,"href":"https:\/\/treina.online\/index.php?rest_route=%2Fwp%2Fv2%2Fcomments&post=17223"}],"version-history":[{"count":0,"href":"https:\/\/treina.online\/index.php?rest_route=\/wp\/v2\/product\/17223\/revisions"}],"wp:attachment":[{"href":"https:\/\/treina.online\/index.php?rest_route=%2Fwp%2Fv2%2Fmedia&parent=17223"}],"wp:term":[{"taxonomy":"product_brand","embeddable":true,"href":"https:\/\/treina.online\/index.php?rest_route=%2Fwp%2Fv2%2Fproduct_brand&post=17223"},{"taxonomy":"product_cat","embeddable":true,"href":"https:\/\/treina.online\/index.php?rest_route=%2Fwp%2Fv2%2Fproduct_cat&post=17223"},{"taxonomy":"product_tag","embeddable":true,"href":"https:\/\/treina.online\/index.php?rest_route=%2Fwp%2Fv2%2Fproduct_tag&post=17223"}],"curies":[{"name":"wp","href":"https:\/\/api.w.org\/{rel}","templated":true}]}}