{"id":17220,"date":"2021-01-24T18:10:32","date_gmt":"2021-01-24T20:10:32","guid":{"rendered":"http:\/\/ecursos.treinaonline.com\/produto\/curso-de-macas-modeladas-e-recheadas-leaozinho\/"},"modified":"2021-01-24T18:10:32","modified_gmt":"2021-01-24T20:10:32","slug":"curso-de-macas-modeladas-e-recheadas-leaozinho","status":"publish","type":"product","link":"https:\/\/treina.online\/?product=curso-de-macas-modeladas-e-recheadas-leaozinho","title":{"rendered":"Curso de Ma\u00e7\u00e3s Modeladas e Recheadas: Le\u00e3ozinho"},"content":{"rendered":"<p>Explica Introdu\u00e7\u00e3o ao Curso de Ma\u00e7\u00e3s Modeladas e Recheadas, Recheio para Ma\u00e7\u00e3s e Modelagem de Le\u00e3ozinho.<\/p>\n<p>Sobre a carga hor\u00e1ria:<br \/>\nO curso possui 2 horas de carga hor\u00e1ria.<\/p>\n","protected":false},"excerpt":{"rendered":"<p>Explica Introdu\u00e7\u00e3o ao Curso de Ma\u00e7\u00e3s Modeladas e Recheadas, Recheio para Ma\u00e7\u00e3s e Modelagem de Le\u00e3ozinho. Sobre a carga hor\u00e1ria: O curso possui 2 horas de carga hor\u00e1ria.<\/p>\n","protected":false},"featured_media":0,"comment_status":"open","ping_status":"closed","template":"","meta":[],"product_brand":[],"product_cat":[212],"product_tag":[],"class_list":{"0":"post-17220","1":"product","2":"type-product","3":"status-publish","5":"product_cat-doces-e-confeitaria","6":"post","8":"first","9":"instock","10":"virtual","11":"sold-individually","12":"product-type-simple"},"_links":{"self":[{"href":"https:\/\/treina.online\/index.php?rest_route=\/wp\/v2\/product\/17220","targetHints":{"allow":["GET"]}}],"collection":[{"href":"https:\/\/treina.online\/index.php?rest_route=\/wp\/v2\/product"}],"about":[{"href":"https:\/\/treina.online\/index.php?rest_route=\/wp\/v2\/types\/product"}],"replies":[{"embeddable":true,"href":"https:\/\/treina.online\/index.php?rest_route=%2Fwp%2Fv2%2Fcomments&post=17220"}],"version-history":[{"count":0,"href":"https:\/\/treina.online\/index.php?rest_route=\/wp\/v2\/product\/17220\/revisions"}],"wp:attachment":[{"href":"https:\/\/treina.online\/index.php?rest_route=%2Fwp%2Fv2%2Fmedia&parent=17220"}],"wp:term":[{"taxonomy":"product_brand","embeddable":true,"href":"https:\/\/treina.online\/index.php?rest_route=%2Fwp%2Fv2%2Fproduct_brand&post=17220"},{"taxonomy":"product_cat","embeddable":true,"href":"https:\/\/treina.online\/index.php?rest_route=%2Fwp%2Fv2%2Fproduct_cat&post=17220"},{"taxonomy":"product_tag","embeddable":true,"href":"https:\/\/treina.online\/index.php?rest_route=%2Fwp%2Fv2%2Fproduct_tag&post=17220"}],"curies":[{"name":"wp","href":"https:\/\/api.w.org\/{rel}","templated":true}]}}