{"id":17210,"date":"2021-01-24T18:10:18","date_gmt":"2021-01-24T20:10:18","guid":{"rendered":"http:\/\/ecursos.treinaonline.com\/produto\/curso-de-licitacoes-e-contratos-administrativos-introducao\/"},"modified":"2021-01-24T18:10:18","modified_gmt":"2021-01-24T20:10:18","slug":"curso-de-licitacoes-e-contratos-administrativos-introducao","status":"publish","type":"product","link":"https:\/\/treina.online\/?product=curso-de-licitacoes-e-contratos-administrativos-introducao","title":{"rendered":"Curso de Licita\u00e7\u00f5es e Contratos Administrativos: Introdu\u00e7\u00e3o"},"content":{"rendered":"<p>Aborda Conceitos e objetivos, Princ\u00edpios aplic\u00e1veis, Base constitucional e base infraconstitucional, Contrata\u00e7\u00e3o direta sem licita\u00e7\u00e3o, Licita\u00e7\u00e3o dispensada, Requisitos de dispensa da licita\u00e7\u00e3o ou dispens\u00e1vel, Hip\u00f3tese de dispensa de licita\u00e7\u00e3o dispens\u00e1vel, Regras especiais de dispensa de licita\u00e7\u00e3o e Inexigibilidade de licita\u00e7\u00e3o .<\/p>\n<p>Sobre a carga hor\u00e1ria:<br \/>\nO curso possui 10 horas de carga hor\u00e1ria.<\/p>\n","protected":false},"excerpt":{"rendered":"<p>Aborda Conceitos e objetivos, Princ\u00edpios aplic\u00e1veis, Base constitucional e base infraconstitucional, Contrata\u00e7\u00e3o direta sem licita\u00e7\u00e3o, Licita\u00e7\u00e3o dispensada, Requisitos de dispensa da licita\u00e7\u00e3o ou dispens\u00e1vel, Hip\u00f3tese de dispensa de licita\u00e7\u00e3o dispens\u00e1vel, Regras especiais de dispensa de licita\u00e7\u00e3o e Inexigibilidade de licita\u00e7\u00e3o . Sobre a carga hor\u00e1ria: O curso possui 10 horas de carga hor\u00e1ria.<\/p>\n","protected":false},"featured_media":0,"comment_status":"open","ping_status":"closed","template":"","meta":[],"product_brand":[],"product_cat":[211],"product_tag":[],"class_list":{"0":"post-17210","1":"product","2":"type-product","3":"status-publish","5":"product_cat-direito","6":"post","8":"first","9":"instock","10":"virtual","11":"sold-individually","12":"product-type-simple"},"_links":{"self":[{"href":"https:\/\/treina.online\/index.php?rest_route=\/wp\/v2\/product\/17210","targetHints":{"allow":["GET"]}}],"collection":[{"href":"https:\/\/treina.online\/index.php?rest_route=\/wp\/v2\/product"}],"about":[{"href":"https:\/\/treina.online\/index.php?rest_route=\/wp\/v2\/types\/product"}],"replies":[{"embeddable":true,"href":"https:\/\/treina.online\/index.php?rest_route=%2Fwp%2Fv2%2Fcomments&post=17210"}],"version-history":[{"count":0,"href":"https:\/\/treina.online\/index.php?rest_route=\/wp\/v2\/product\/17210\/revisions"}],"wp:attachment":[{"href":"https:\/\/treina.online\/index.php?rest_route=%2Fwp%2Fv2%2Fmedia&parent=17210"}],"wp:term":[{"taxonomy":"product_brand","embeddable":true,"href":"https:\/\/treina.online\/index.php?rest_route=%2Fwp%2Fv2%2Fproduct_brand&post=17210"},{"taxonomy":"product_cat","embeddable":true,"href":"https:\/\/treina.online\/index.php?rest_route=%2Fwp%2Fv2%2Fproduct_cat&post=17210"},{"taxonomy":"product_tag","embeddable":true,"href":"https:\/\/treina.online\/index.php?rest_route=%2Fwp%2Fv2%2Fproduct_tag&post=17210"}],"curies":[{"name":"wp","href":"https:\/\/api.w.org\/{rel}","templated":true}]}}