{"id":17207,"date":"2021-01-24T18:10:15","date_gmt":"2021-01-24T20:10:15","guid":{"rendered":"http:\/\/ecursos.treinaonline.com\/produto\/curso-de-libras-na-pratica-introducao\/"},"modified":"2021-01-24T18:10:15","modified_gmt":"2021-01-24T20:10:15","slug":"curso-de-libras-na-pratica-introducao","status":"publish","type":"product","link":"https:\/\/treina.online\/?product=curso-de-libras-na-pratica-introducao","title":{"rendered":"Curso de Libras na Pr\u00e1tica: Introdu\u00e7\u00e3o"},"content":{"rendered":"<p>Voc\u00ea aprende Surdez, Educa\u00e7\u00e3o dos Surdos no Brasil e Hist\u00f3ria da Libras, Hist\u00f3ria das pessoas com defici\u00eancias, Alfabeto Manual e N\u00fameros cardinais, ordinais e quantidade.<\/p>\n<p>Sobre a carga hor\u00e1ria:<br \/>\nO curso possui 5 horas de carga hor\u00e1ria.<\/p>\n","protected":false},"excerpt":{"rendered":"<p>Voc\u00ea aprende Surdez, Educa\u00e7\u00e3o dos Surdos no Brasil e Hist\u00f3ria da Libras, Hist\u00f3ria das pessoas com defici\u00eancias, Alfabeto Manual e N\u00fameros cardinais, ordinais e quantidade. Sobre a carga hor\u00e1ria: O curso possui 5 horas de carga hor\u00e1ria.<\/p>\n","protected":false},"featured_media":0,"comment_status":"open","ping_status":"closed","template":"","meta":[],"product_brand":[],"product_cat":[213],"product_tag":[],"class_list":{"0":"post-17207","1":"product","2":"type-product","3":"status-publish","5":"product_cat-educacao-e-pedagogia","6":"post","8":"first","9":"instock","10":"virtual","11":"sold-individually","12":"product-type-simple"},"_links":{"self":[{"href":"https:\/\/treina.online\/index.php?rest_route=\/wp\/v2\/product\/17207","targetHints":{"allow":["GET"]}}],"collection":[{"href":"https:\/\/treina.online\/index.php?rest_route=\/wp\/v2\/product"}],"about":[{"href":"https:\/\/treina.online\/index.php?rest_route=\/wp\/v2\/types\/product"}],"replies":[{"embeddable":true,"href":"https:\/\/treina.online\/index.php?rest_route=%2Fwp%2Fv2%2Fcomments&post=17207"}],"version-history":[{"count":0,"href":"https:\/\/treina.online\/index.php?rest_route=\/wp\/v2\/product\/17207\/revisions"}],"wp:attachment":[{"href":"https:\/\/treina.online\/index.php?rest_route=%2Fwp%2Fv2%2Fmedia&parent=17207"}],"wp:term":[{"taxonomy":"product_brand","embeddable":true,"href":"https:\/\/treina.online\/index.php?rest_route=%2Fwp%2Fv2%2Fproduct_brand&post=17207"},{"taxonomy":"product_cat","embeddable":true,"href":"https:\/\/treina.online\/index.php?rest_route=%2Fwp%2Fv2%2Fproduct_cat&post=17207"},{"taxonomy":"product_tag","embeddable":true,"href":"https:\/\/treina.online\/index.php?rest_route=%2Fwp%2Fv2%2Fproduct_tag&post=17207"}],"curies":[{"name":"wp","href":"https:\/\/api.w.org\/{rel}","templated":true}]}}