{"id":17205,"date":"2021-01-24T18:10:13","date_gmt":"2021-01-24T20:10:13","guid":{"rendered":"http:\/\/ecursos.treinaonline.com\/produto\/curso-de-lesoes-bucais-na-infancia-manifestacoes-de-doencas-infecciosas\/"},"modified":"2021-01-24T18:10:13","modified_gmt":"2021-01-24T20:10:13","slug":"curso-de-lesoes-bucais-na-infancia-manifestacoes-de-doencas-infecciosas","status":"publish","type":"product","link":"https:\/\/treina.online\/?product=curso-de-lesoes-bucais-na-infancia-manifestacoes-de-doencas-infecciosas","title":{"rendered":"Curso de Les\u00f5es Bucais na Inf\u00e2ncia: Manifesta\u00e7\u00f5es de Doen\u00e7as Infecciosas"},"content":{"rendered":"<p>Explica Manifesta\u00e7\u00f5es de doen\u00e7as infecciosas bacterianas, Manifesta\u00e7\u00f5es de doen\u00e7as infeccionais virais e Manifesta\u00e7\u00f5es de doen\u00e7as infecciosas f\u00fangicas e les\u00f5es pigmentadas.<\/p>\n<p>Sobre a carga hor\u00e1ria:<br \/>\nO curso possui 5 horas de carga hor\u00e1ria.<\/p>\n","protected":false},"excerpt":{"rendered":"<p>Explica Manifesta\u00e7\u00f5es de doen\u00e7as infecciosas bacterianas, Manifesta\u00e7\u00f5es de doen\u00e7as infeccionais virais e Manifesta\u00e7\u00f5es de doen\u00e7as infecciosas f\u00fangicas e les\u00f5es pigmentadas. Sobre a carga hor\u00e1ria: O curso possui 5 horas de carga hor\u00e1ria.<\/p>\n","protected":false},"featured_media":0,"comment_status":"open","ping_status":"closed","template":"","meta":[],"product_brand":[],"product_cat":[232],"product_tag":[],"class_list":{"0":"post-17205","1":"product","2":"type-product","3":"status-publish","5":"product_cat-odontologia","6":"post","8":"first","9":"instock","10":"virtual","11":"sold-individually","12":"product-type-simple"},"_links":{"self":[{"href":"https:\/\/treina.online\/index.php?rest_route=\/wp\/v2\/product\/17205","targetHints":{"allow":["GET"]}}],"collection":[{"href":"https:\/\/treina.online\/index.php?rest_route=\/wp\/v2\/product"}],"about":[{"href":"https:\/\/treina.online\/index.php?rest_route=\/wp\/v2\/types\/product"}],"replies":[{"embeddable":true,"href":"https:\/\/treina.online\/index.php?rest_route=%2Fwp%2Fv2%2Fcomments&post=17205"}],"version-history":[{"count":0,"href":"https:\/\/treina.online\/index.php?rest_route=\/wp\/v2\/product\/17205\/revisions"}],"wp:attachment":[{"href":"https:\/\/treina.online\/index.php?rest_route=%2Fwp%2Fv2%2Fmedia&parent=17205"}],"wp:term":[{"taxonomy":"product_brand","embeddable":true,"href":"https:\/\/treina.online\/index.php?rest_route=%2Fwp%2Fv2%2Fproduct_brand&post=17205"},{"taxonomy":"product_cat","embeddable":true,"href":"https:\/\/treina.online\/index.php?rest_route=%2Fwp%2Fv2%2Fproduct_cat&post=17205"},{"taxonomy":"product_tag","embeddable":true,"href":"https:\/\/treina.online\/index.php?rest_route=%2Fwp%2Fv2%2Fproduct_tag&post=17205"}],"curies":[{"name":"wp","href":"https:\/\/api.w.org\/{rel}","templated":true}]}}