{"id":17200,"date":"2021-01-24T18:10:07","date_gmt":"2021-01-24T20:10:07","guid":{"rendered":"http:\/\/ecursos.treinaonline.com\/produto\/curso-de-jornalismo-gastronomico\/"},"modified":"2021-01-24T18:10:07","modified_gmt":"2021-01-24T20:10:07","slug":"curso-de-jornalismo-gastronomico","status":"publish","type":"product","link":"https:\/\/treina.online\/?product=curso-de-jornalismo-gastronomico","title":{"rendered":"Curso de Jornalismo Gastron\u00f4mico"},"content":{"rendered":"<p>Apresenta formas e g\u00eaneros jornal\u00edsticos, o papel e mercado de trabalho do jornalista gastron\u00f4mico, conhecimentos de gastronomia e cozinha, an\u00e1lise sensorial, fotografia e cr\u00edtica gastron\u00f4mica e muito mais.<\/p>\n<p>Sobre a carga hor\u00e1ria:<br \/>\nO curso possui 80 horas de carga hor\u00e1ria. Por\u00e9m, se for conclu\u00eddo antes de 5 dias, passa a ter 10 horas de carga hor\u00e1ria. Conforme nosso contrato e termos de uso.<\/p>\n","protected":false},"excerpt":{"rendered":"<p>Apresenta formas e g\u00eaneros jornal\u00edsticos, o papel e mercado de trabalho do jornalista gastron\u00f4mico, conhecimentos de gastronomia e cozinha, an\u00e1lise sensorial, fotografia e cr\u00edtica gastron\u00f4mica e muito mais. Sobre a carga hor\u00e1ria: O curso possui 80 horas de carga hor\u00e1ria. Por\u00e9m, se for conclu\u00eddo antes de 5 dias, passa a ter 10 horas de carga hor\u00e1ria. Conforme nosso contrato e [&hellip;]<\/p>\n","protected":false},"featured_media":0,"comment_status":"open","ping_status":"closed","template":"","meta":[],"product_brand":[],"product_cat":[235],"product_tag":[],"class_list":{"0":"post-17200","1":"product","2":"type-product","3":"status-publish","5":"product_cat-publicidade-e-marketing","6":"post","8":"first","9":"instock","10":"virtual","11":"sold-individually","12":"product-type-simple"},"_links":{"self":[{"href":"https:\/\/treina.online\/index.php?rest_route=\/wp\/v2\/product\/17200","targetHints":{"allow":["GET"]}}],"collection":[{"href":"https:\/\/treina.online\/index.php?rest_route=\/wp\/v2\/product"}],"about":[{"href":"https:\/\/treina.online\/index.php?rest_route=\/wp\/v2\/types\/product"}],"replies":[{"embeddable":true,"href":"https:\/\/treina.online\/index.php?rest_route=%2Fwp%2Fv2%2Fcomments&post=17200"}],"version-history":[{"count":0,"href":"https:\/\/treina.online\/index.php?rest_route=\/wp\/v2\/product\/17200\/revisions"}],"wp:attachment":[{"href":"https:\/\/treina.online\/index.php?rest_route=%2Fwp%2Fv2%2Fmedia&parent=17200"}],"wp:term":[{"taxonomy":"product_brand","embeddable":true,"href":"https:\/\/treina.online\/index.php?rest_route=%2Fwp%2Fv2%2Fproduct_brand&post=17200"},{"taxonomy":"product_cat","embeddable":true,"href":"https:\/\/treina.online\/index.php?rest_route=%2Fwp%2Fv2%2Fproduct_cat&post=17200"},{"taxonomy":"product_tag","embeddable":true,"href":"https:\/\/treina.online\/index.php?rest_route=%2Fwp%2Fv2%2Fproduct_tag&post=17200"}],"curies":[{"name":"wp","href":"https:\/\/api.w.org\/{rel}","templated":true}]}}