{"id":17192,"date":"2021-01-24T18:09:50","date_gmt":"2021-01-24T20:09:50","guid":{"rendered":"http:\/\/ecursos.treinaonline.com\/produto\/curso-de-introducao-para-como-falar-em-publico\/"},"modified":"2021-01-24T18:09:50","modified_gmt":"2021-01-24T20:09:50","slug":"curso-de-introducao-para-como-falar-em-publico","status":"publish","type":"product","link":"https:\/\/treina.online\/?product=curso-de-introducao-para-como-falar-em-publico","title":{"rendered":"Curso de Introdu\u00e7\u00e3o para Como Falar em P\u00fablico"},"content":{"rendered":"<p>Apresenta O processo de comunica\u00e7\u00e3o , Amplie seu vocabul\u00e1rio, Domine o assunto, Ortografia e gram\u00e1tica, Ru\u00eddo na comunica\u00e7\u00e3o, Sotaques e regionalismos, Come\u00e7o, meio e fim, Tiques na fala e nos gestos, Termos que se deve evitar e Avalia\u00e7\u00e3o: Ajustes.<\/p>\n<p>Sobre a carga hor\u00e1ria:<br \/>\nO curso possui 10 horas de carga hor\u00e1ria.<\/p>\n","protected":false},"excerpt":{"rendered":"<p>Apresenta O processo de comunica\u00e7\u00e3o , Amplie seu vocabul\u00e1rio, Domine o assunto, Ortografia e gram\u00e1tica, Ru\u00eddo na comunica\u00e7\u00e3o, Sotaques e regionalismos, Come\u00e7o, meio e fim, Tiques na fala e nos gestos, Termos que se deve evitar e Avalia\u00e7\u00e3o: Ajustes. Sobre a carga hor\u00e1ria: O curso possui 10 horas de carga hor\u00e1ria.<\/p>\n","protected":false},"featured_media":0,"comment_status":"open","ping_status":"closed","template":"","meta":[],"product_brand":[],"product_cat":[207],"product_tag":[],"class_list":{"0":"post-17192","1":"product","2":"type-product","3":"status-publish","5":"product_cat-cotidiano","6":"post","8":"first","9":"instock","10":"virtual","11":"sold-individually","12":"product-type-simple"},"_links":{"self":[{"href":"https:\/\/treina.online\/index.php?rest_route=\/wp\/v2\/product\/17192","targetHints":{"allow":["GET"]}}],"collection":[{"href":"https:\/\/treina.online\/index.php?rest_route=\/wp\/v2\/product"}],"about":[{"href":"https:\/\/treina.online\/index.php?rest_route=\/wp\/v2\/types\/product"}],"replies":[{"embeddable":true,"href":"https:\/\/treina.online\/index.php?rest_route=%2Fwp%2Fv2%2Fcomments&post=17192"}],"version-history":[{"count":0,"href":"https:\/\/treina.online\/index.php?rest_route=\/wp\/v2\/product\/17192\/revisions"}],"wp:attachment":[{"href":"https:\/\/treina.online\/index.php?rest_route=%2Fwp%2Fv2%2Fmedia&parent=17192"}],"wp:term":[{"taxonomy":"product_brand","embeddable":true,"href":"https:\/\/treina.online\/index.php?rest_route=%2Fwp%2Fv2%2Fproduct_brand&post=17192"},{"taxonomy":"product_cat","embeddable":true,"href":"https:\/\/treina.online\/index.php?rest_route=%2Fwp%2Fv2%2Fproduct_cat&post=17192"},{"taxonomy":"product_tag","embeddable":true,"href":"https:\/\/treina.online\/index.php?rest_route=%2Fwp%2Fv2%2Fproduct_tag&post=17192"}],"curies":[{"name":"wp","href":"https:\/\/api.w.org\/{rel}","templated":true}]}}