{"id":17188,"date":"2021-01-24T18:09:45","date_gmt":"2021-01-24T20:09:45","guid":{"rendered":"http:\/\/ecursos.treinaonline.com\/produto\/curso-de-introducao-as-unhas-artisticas\/"},"modified":"2021-01-24T18:09:45","modified_gmt":"2021-01-24T20:09:45","slug":"curso-de-introducao-as-unhas-artisticas","status":"publish","type":"product","link":"https:\/\/treina.online\/?product=curso-de-introducao-as-unhas-artisticas","title":{"rendered":"Curso de Introdu\u00e7\u00e3o \u00e0s Unhas Art\u00edsticas"},"content":{"rendered":"<p>Ensina Conceito de Unhas Art\u00edsticas, A t\u00e9cnica das Francesinhas e Varia\u00e7\u00f5es, Adere\u00e7os para Complementar a Francesinha e Unha Inglesinha e Border Nail.<\/p>\n<p>Sobre a carga hor\u00e1ria:<br \/>\nO curso possui 5 horas de carga hor\u00e1ria.<\/p>\n","protected":false},"excerpt":{"rendered":"<p>Ensina Conceito de Unhas Art\u00edsticas, A t\u00e9cnica das Francesinhas e Varia\u00e7\u00f5es, Adere\u00e7os para Complementar a Francesinha e Unha Inglesinha e Border Nail. Sobre a carga hor\u00e1ria: O curso possui 5 horas de carga hor\u00e1ria.<\/p>\n","protected":false},"featured_media":0,"comment_status":"open","ping_status":"closed","template":"","meta":[],"product_brand":[],"product_cat":[217],"product_tag":[],"class_list":{"0":"post-17188","1":"product","2":"type-product","3":"status-publish","5":"product_cat-estetica-e-beleza","6":"post","8":"first","9":"instock","10":"virtual","11":"sold-individually","12":"product-type-simple"},"_links":{"self":[{"href":"https:\/\/treina.online\/index.php?rest_route=\/wp\/v2\/product\/17188","targetHints":{"allow":["GET"]}}],"collection":[{"href":"https:\/\/treina.online\/index.php?rest_route=\/wp\/v2\/product"}],"about":[{"href":"https:\/\/treina.online\/index.php?rest_route=\/wp\/v2\/types\/product"}],"replies":[{"embeddable":true,"href":"https:\/\/treina.online\/index.php?rest_route=%2Fwp%2Fv2%2Fcomments&post=17188"}],"version-history":[{"count":0,"href":"https:\/\/treina.online\/index.php?rest_route=\/wp\/v2\/product\/17188\/revisions"}],"wp:attachment":[{"href":"https:\/\/treina.online\/index.php?rest_route=%2Fwp%2Fv2%2Fmedia&parent=17188"}],"wp:term":[{"taxonomy":"product_brand","embeddable":true,"href":"https:\/\/treina.online\/index.php?rest_route=%2Fwp%2Fv2%2Fproduct_brand&post=17188"},{"taxonomy":"product_cat","embeddable":true,"href":"https:\/\/treina.online\/index.php?rest_route=%2Fwp%2Fv2%2Fproduct_cat&post=17188"},{"taxonomy":"product_tag","embeddable":true,"href":"https:\/\/treina.online\/index.php?rest_route=%2Fwp%2Fv2%2Fproduct_tag&post=17188"}],"curies":[{"name":"wp","href":"https:\/\/api.w.org\/{rel}","templated":true}]}}