{"id":17186,"date":"2021-01-24T18:09:42","date_gmt":"2021-01-24T20:09:42","guid":{"rendered":"http:\/\/ecursos.treinaonline.com\/produto\/curso-de-introducao-as-financas-publicas\/"},"modified":"2021-01-24T18:09:42","modified_gmt":"2021-01-24T20:09:42","slug":"curso-de-introducao-as-financas-publicas","status":"publish","type":"product","link":"https:\/\/treina.online\/?product=curso-de-introducao-as-financas-publicas","title":{"rendered":"Curso de Introdu\u00e7\u00e3o \u00e0s Finan\u00e7as P\u00fablicas"},"content":{"rendered":"<p>Ensina Finan\u00e7as p\u00fablicas, Falhas de mercado, Bens p\u00fablicos, Monop\u00f3lios naturais , Interven\u00e7\u00e3o do governo , Exemplos reais de monop\u00f3lios naturais, Externalidades, Externalidades positivas, Externalidades negativas, Mercados incompletos, Ocorr\u00eancia de mercados incompletos e Exemplos reais de mercados incompletos.<\/p>\n<p>Sobre a carga hor\u00e1ria:<br \/>\nO curso possui 10 horas de carga hor\u00e1ria.<\/p>\n","protected":false},"excerpt":{"rendered":"<p>Ensina Finan\u00e7as p\u00fablicas, Falhas de mercado, Bens p\u00fablicos, Monop\u00f3lios naturais , Interven\u00e7\u00e3o do governo , Exemplos reais de monop\u00f3lios naturais, Externalidades, Externalidades positivas, Externalidades negativas, Mercados incompletos, Ocorr\u00eancia de mercados incompletos e Exemplos reais de mercados incompletos. Sobre a carga hor\u00e1ria: O curso possui 10 horas de carga hor\u00e1ria.<\/p>\n","protected":false},"featured_media":0,"comment_status":"open","ping_status":"closed","template":"","meta":[],"product_brand":[],"product_cat":[220],"product_tag":[],"class_list":{"0":"post-17186","1":"product","2":"type-product","3":"status-publish","5":"product_cat-financas","6":"post","8":"first","9":"instock","10":"virtual","11":"sold-individually","12":"product-type-simple"},"_links":{"self":[{"href":"https:\/\/treina.online\/index.php?rest_route=\/wp\/v2\/product\/17186","targetHints":{"allow":["GET"]}}],"collection":[{"href":"https:\/\/treina.online\/index.php?rest_route=\/wp\/v2\/product"}],"about":[{"href":"https:\/\/treina.online\/index.php?rest_route=\/wp\/v2\/types\/product"}],"replies":[{"embeddable":true,"href":"https:\/\/treina.online\/index.php?rest_route=%2Fwp%2Fv2%2Fcomments&post=17186"}],"version-history":[{"count":0,"href":"https:\/\/treina.online\/index.php?rest_route=\/wp\/v2\/product\/17186\/revisions"}],"wp:attachment":[{"href":"https:\/\/treina.online\/index.php?rest_route=%2Fwp%2Fv2%2Fmedia&parent=17186"}],"wp:term":[{"taxonomy":"product_brand","embeddable":true,"href":"https:\/\/treina.online\/index.php?rest_route=%2Fwp%2Fv2%2Fproduct_brand&post=17186"},{"taxonomy":"product_cat","embeddable":true,"href":"https:\/\/treina.online\/index.php?rest_route=%2Fwp%2Fv2%2Fproduct_cat&post=17186"},{"taxonomy":"product_tag","embeddable":true,"href":"https:\/\/treina.online\/index.php?rest_route=%2Fwp%2Fv2%2Fproduct_tag&post=17186"}],"curies":[{"name":"wp","href":"https:\/\/api.w.org\/{rel}","templated":true}]}}