{"id":17175,"date":"2021-01-24T18:09:24","date_gmt":"2021-01-24T20:09:24","guid":{"rendered":"http:\/\/ecursos.treinaonline.com\/produto\/curso-de-introducao-ao-secretariado-executivo\/"},"modified":"2021-01-24T18:09:24","modified_gmt":"2021-01-24T20:09:24","slug":"curso-de-introducao-ao-secretariado-executivo","status":"publish","type":"product","link":"https:\/\/treina.online\/?product=curso-de-introducao-ao-secretariado-executivo","title":{"rendered":"Curso de Introdu\u00e7\u00e3o ao Secretariado Executivo"},"content":{"rendered":"<p>Apresenta O Profissional de Secretariado Executivo, Perfil Profissional e as Necessidades de Compet\u00eancias e Habilidades, O Profissional de Secretariado Executivo na Gest\u00e3o e Assessoria aos Executivos, As Rela\u00e7\u00f5es Humanas na Atua\u00e7\u00e3o e no Sucesso Profissional, Intelig\u00eancia Emocional a favor da Atua\u00e7\u00e3o de Qualidade, A Resili\u00eancia e o Profissional de Secretariado Executivo, Introdu\u00e7\u00e3o as Ferramentas e T\u00e9cnicas Secretariais Parte 1, Recep\u00e7\u00e3o, Atendimento ao Cliente, Agenda e Administra\u00e7\u00e3o de Tempo, Reuni\u00f5es: Objetivos e Tipologia, Introdu\u00e7\u00e3o as Ferramentas e T\u00e9cnicas Secretariais Parte 2, Eventos: Conceito e Tipologia na Atua\u00e7\u00e3o do Profissional de Secretariado Executivo e Estrat\u00e9gias para a Organiza\u00e7\u00e3o de Pequenos Eventos Organizacionais.<\/p>\n<p>Sobre a carga hor\u00e1ria:<br \/>\nO curso possui 10 horas de carga hor\u00e1ria.<\/p>\n","protected":false},"excerpt":{"rendered":"<p>Apresenta O Profissional de Secretariado Executivo, Perfil Profissional e as Necessidades de Compet\u00eancias e Habilidades, O Profissional de Secretariado Executivo na Gest\u00e3o e Assessoria aos Executivos, As Rela\u00e7\u00f5es Humanas na Atua\u00e7\u00e3o e no Sucesso Profissional, Intelig\u00eancia Emocional a favor da Atua\u00e7\u00e3o de Qualidade, A Resili\u00eancia e o Profissional de Secretariado Executivo, Introdu\u00e7\u00e3o as Ferramentas e T\u00e9cnicas Secretariais Parte 1, Recep\u00e7\u00e3o, [&hellip;]<\/p>\n","protected":false},"featured_media":0,"comment_status":"open","ping_status":"closed","template":"","meta":[],"product_brand":[],"product_cat":[199],"product_tag":[],"class_list":{"0":"post-17175","1":"product","2":"type-product","3":"status-publish","5":"product_cat-administracao","6":"post","8":"first","9":"instock","10":"virtual","11":"sold-individually","12":"product-type-simple"},"_links":{"self":[{"href":"https:\/\/treina.online\/index.php?rest_route=\/wp\/v2\/product\/17175","targetHints":{"allow":["GET"]}}],"collection":[{"href":"https:\/\/treina.online\/index.php?rest_route=\/wp\/v2\/product"}],"about":[{"href":"https:\/\/treina.online\/index.php?rest_route=\/wp\/v2\/types\/product"}],"replies":[{"embeddable":true,"href":"https:\/\/treina.online\/index.php?rest_route=%2Fwp%2Fv2%2Fcomments&post=17175"}],"version-history":[{"count":0,"href":"https:\/\/treina.online\/index.php?rest_route=\/wp\/v2\/product\/17175\/revisions"}],"wp:attachment":[{"href":"https:\/\/treina.online\/index.php?rest_route=%2Fwp%2Fv2%2Fmedia&parent=17175"}],"wp:term":[{"taxonomy":"product_brand","embeddable":true,"href":"https:\/\/treina.online\/index.php?rest_route=%2Fwp%2Fv2%2Fproduct_brand&post=17175"},{"taxonomy":"product_cat","embeddable":true,"href":"https:\/\/treina.online\/index.php?rest_route=%2Fwp%2Fv2%2Fproduct_cat&post=17175"},{"taxonomy":"product_tag","embeddable":true,"href":"https:\/\/treina.online\/index.php?rest_route=%2Fwp%2Fv2%2Fproduct_tag&post=17175"}],"curies":[{"name":"wp","href":"https:\/\/api.w.org\/{rel}","templated":true}]}}