{"id":17173,"date":"2021-01-24T18:09:21","date_gmt":"2021-01-24T20:09:21","guid":{"rendered":"http:\/\/ecursos.treinaonline.com\/produto\/curso-de-introducao-ao-salgados-finos-para-festas\/"},"modified":"2021-01-24T18:09:21","modified_gmt":"2021-01-24T20:09:21","slug":"curso-de-introducao-ao-salgados-finos-para-festas","status":"publish","type":"product","link":"https:\/\/treina.online\/?product=curso-de-introducao-ao-salgados-finos-para-festas","title":{"rendered":"Curso de Introdu\u00e7\u00e3o ao Salgados Finos para Festas"},"content":{"rendered":"<p>Ensina Introdu\u00e7\u00e3o as massas e materiais utilizados , Massas b\u00e1sicas, Preparo dos recheios, Quiche Lorraine e alho por\u00f3 e Trouxinha de escarola com nozes .<\/p>\n<p>Sobre a carga hor\u00e1ria:<br \/>\nO curso possui 10 horas de carga hor\u00e1ria.<\/p>\n","protected":false},"excerpt":{"rendered":"<p>Ensina Introdu\u00e7\u00e3o as massas e materiais utilizados , Massas b\u00e1sicas, Preparo dos recheios, Quiche Lorraine e alho por\u00f3 e Trouxinha de escarola com nozes . Sobre a carga hor\u00e1ria: O curso possui 10 horas de carga hor\u00e1ria.<\/p>\n","protected":false},"featured_media":0,"comment_status":"open","ping_status":"closed","template":"","meta":[],"product_brand":[],"product_cat":[208],"product_tag":[],"class_list":{"0":"post-17173","1":"product","2":"type-product","3":"status-publish","5":"product_cat-culinaria-e-gastronomia","6":"post","8":"first","9":"instock","10":"virtual","11":"sold-individually","12":"product-type-simple"},"_links":{"self":[{"href":"https:\/\/treina.online\/index.php?rest_route=\/wp\/v2\/product\/17173","targetHints":{"allow":["GET"]}}],"collection":[{"href":"https:\/\/treina.online\/index.php?rest_route=\/wp\/v2\/product"}],"about":[{"href":"https:\/\/treina.online\/index.php?rest_route=\/wp\/v2\/types\/product"}],"replies":[{"embeddable":true,"href":"https:\/\/treina.online\/index.php?rest_route=%2Fwp%2Fv2%2Fcomments&post=17173"}],"version-history":[{"count":0,"href":"https:\/\/treina.online\/index.php?rest_route=\/wp\/v2\/product\/17173\/revisions"}],"wp:attachment":[{"href":"https:\/\/treina.online\/index.php?rest_route=%2Fwp%2Fv2%2Fmedia&parent=17173"}],"wp:term":[{"taxonomy":"product_brand","embeddable":true,"href":"https:\/\/treina.online\/index.php?rest_route=%2Fwp%2Fv2%2Fproduct_brand&post=17173"},{"taxonomy":"product_cat","embeddable":true,"href":"https:\/\/treina.online\/index.php?rest_route=%2Fwp%2Fv2%2Fproduct_cat&post=17173"},{"taxonomy":"product_tag","embeddable":true,"href":"https:\/\/treina.online\/index.php?rest_route=%2Fwp%2Fv2%2Fproduct_tag&post=17173"}],"curies":[{"name":"wp","href":"https:\/\/api.w.org\/{rel}","templated":true}]}}