{"id":17172,"date":"2021-01-24T18:09:20","date_gmt":"2021-01-24T20:09:20","guid":{"rendered":"http:\/\/ecursos.treinaonline.com\/produto\/curso-de-introducao-ao-rh-estrategico\/"},"modified":"2021-01-24T18:09:20","modified_gmt":"2021-01-24T20:09:20","slug":"curso-de-introducao-ao-rh-estrategico","status":"publish","type":"product","link":"https:\/\/treina.online\/?product=curso-de-introducao-ao-rh-estrategico","title":{"rendered":"Curso de Introdu\u00e7\u00e3o ao RH Estrat\u00e9gico"},"content":{"rendered":"<p>Ensina Conceito de Estrat\u00e9gia, Conceito de Estrat\u00e9gia em RH, Rh como vantagem competitiva, Defini\u00e7\u00e3o de Miss\u00e3o, Vis\u00e3o e Valores e Estrat\u00e9gia da Corpora\u00e7\u00e3o vs. RH Estrat\u00e9gico.<\/p>\n<p>Sobre a carga hor\u00e1ria:<br \/>\nO curso possui 10 horas de carga hor\u00e1ria.<\/p>\n","protected":false},"excerpt":{"rendered":"<p>Ensina Conceito de Estrat\u00e9gia, Conceito de Estrat\u00e9gia em RH, Rh como vantagem competitiva, Defini\u00e7\u00e3o de Miss\u00e3o, Vis\u00e3o e Valores e Estrat\u00e9gia da Corpora\u00e7\u00e3o vs. RH Estrat\u00e9gico. Sobre a carga hor\u00e1ria: O curso possui 10 horas de carga hor\u00e1ria.<\/p>\n","protected":false},"featured_media":0,"comment_status":"open","ping_status":"closed","template":"","meta":[],"product_brand":[],"product_cat":[236],"product_tag":[],"class_list":{"0":"post-17172","1":"product","2":"type-product","3":"status-publish","5":"product_cat-recursos-humanos","6":"post","8":"first","9":"instock","10":"virtual","11":"sold-individually","12":"product-type-simple"},"_links":{"self":[{"href":"https:\/\/treina.online\/index.php?rest_route=\/wp\/v2\/product\/17172","targetHints":{"allow":["GET"]}}],"collection":[{"href":"https:\/\/treina.online\/index.php?rest_route=\/wp\/v2\/product"}],"about":[{"href":"https:\/\/treina.online\/index.php?rest_route=\/wp\/v2\/types\/product"}],"replies":[{"embeddable":true,"href":"https:\/\/treina.online\/index.php?rest_route=%2Fwp%2Fv2%2Fcomments&post=17172"}],"version-history":[{"count":0,"href":"https:\/\/treina.online\/index.php?rest_route=\/wp\/v2\/product\/17172\/revisions"}],"wp:attachment":[{"href":"https:\/\/treina.online\/index.php?rest_route=%2Fwp%2Fv2%2Fmedia&parent=17172"}],"wp:term":[{"taxonomy":"product_brand","embeddable":true,"href":"https:\/\/treina.online\/index.php?rest_route=%2Fwp%2Fv2%2Fproduct_brand&post=17172"},{"taxonomy":"product_cat","embeddable":true,"href":"https:\/\/treina.online\/index.php?rest_route=%2Fwp%2Fv2%2Fproduct_cat&post=17172"},{"taxonomy":"product_tag","embeddable":true,"href":"https:\/\/treina.online\/index.php?rest_route=%2Fwp%2Fv2%2Fproduct_tag&post=17172"}],"curies":[{"name":"wp","href":"https:\/\/api.w.org\/{rel}","templated":true}]}}