{"id":17170,"date":"2021-01-24T18:09:17","date_gmt":"2021-01-24T20:09:17","guid":{"rendered":"http:\/\/ecursos.treinaonline.com\/produto\/curso-de-introducao-ao-python-basico\/"},"modified":"2021-01-24T18:09:17","modified_gmt":"2021-01-24T20:09:17","slug":"curso-de-introducao-ao-python-basico","status":"publish","type":"product","link":"https:\/\/treina.online\/?product=curso-de-introducao-ao-python-basico","title":{"rendered":"Curso de Introdu\u00e7\u00e3o ao Python B\u00e1sico"},"content":{"rendered":"<p>Voc\u00ea aprende Programas de computador, Quem programa?, Para programar, Instalando o Python, Primeiro programa em Python, Python Shell, Opera\u00e7\u00f5es matem\u00e1ticas, Opera\u00e7\u00f5es com textos, Textos e sequ\u00eancias, Vari\u00e1veis, Cole\u00e7\u00f5es e Acesso e opera\u00e7\u00f5es.<\/p>\n<p>Sobre a carga hor\u00e1ria:<br \/>\nO curso possui 10 horas de carga hor\u00e1ria.<\/p>\n","protected":false},"excerpt":{"rendered":"<p>Voc\u00ea aprende Programas de computador, Quem programa?, Para programar, Instalando o Python, Primeiro programa em Python, Python Shell, Opera\u00e7\u00f5es matem\u00e1ticas, Opera\u00e7\u00f5es com textos, Textos e sequ\u00eancias, Vari\u00e1veis, Cole\u00e7\u00f5es e Acesso e opera\u00e7\u00f5es. Sobre a carga hor\u00e1ria: O curso possui 10 horas de carga hor\u00e1ria.<\/p>\n","protected":false},"featured_media":0,"comment_status":"open","ping_status":"closed","template":"","meta":[],"product_brand":[],"product_cat":[233],"product_tag":[],"class_list":{"0":"post-17170","1":"product","2":"type-product","3":"status-publish","5":"product_cat-programacao-e-desenvolvimento","6":"post","8":"first","9":"instock","10":"virtual","11":"sold-individually","12":"product-type-simple"},"_links":{"self":[{"href":"https:\/\/treina.online\/index.php?rest_route=\/wp\/v2\/product\/17170","targetHints":{"allow":["GET"]}}],"collection":[{"href":"https:\/\/treina.online\/index.php?rest_route=\/wp\/v2\/product"}],"about":[{"href":"https:\/\/treina.online\/index.php?rest_route=\/wp\/v2\/types\/product"}],"replies":[{"embeddable":true,"href":"https:\/\/treina.online\/index.php?rest_route=%2Fwp%2Fv2%2Fcomments&post=17170"}],"version-history":[{"count":0,"href":"https:\/\/treina.online\/index.php?rest_route=\/wp\/v2\/product\/17170\/revisions"}],"wp:attachment":[{"href":"https:\/\/treina.online\/index.php?rest_route=%2Fwp%2Fv2%2Fmedia&parent=17170"}],"wp:term":[{"taxonomy":"product_brand","embeddable":true,"href":"https:\/\/treina.online\/index.php?rest_route=%2Fwp%2Fv2%2Fproduct_brand&post=17170"},{"taxonomy":"product_cat","embeddable":true,"href":"https:\/\/treina.online\/index.php?rest_route=%2Fwp%2Fv2%2Fproduct_cat&post=17170"},{"taxonomy":"product_tag","embeddable":true,"href":"https:\/\/treina.online\/index.php?rest_route=%2Fwp%2Fv2%2Fproduct_tag&post=17170"}],"curies":[{"name":"wp","href":"https:\/\/api.w.org\/{rel}","templated":true}]}}