{"id":17169,"date":"2021-01-24T18:09:16","date_gmt":"2021-01-24T20:09:16","guid":{"rendered":"http:\/\/ecursos.treinaonline.com\/produto\/curso-de-introducao-ao-programa-5s\/"},"modified":"2021-01-24T18:09:16","modified_gmt":"2021-01-24T20:09:16","slug":"curso-de-introducao-ao-programa-5s","status":"publish","type":"product","link":"https:\/\/treina.online\/?product=curso-de-introducao-ao-programa-5s","title":{"rendered":"Curso de Introdu\u00e7\u00e3o ao Programa 5S"},"content":{"rendered":"<p>Apresenta os seguintes t\u00f3picos: A 2\u00aa Guerra Mundial, Os 5 sensos, O programa 5S, O que \u00e9 o 5S?, Alguns benef\u00edcios do 5S, 5S: uma filosofia, Crit\u00e9rios do 5S, Primeiro e segundo senso e Terceiro, quarto e quinto sensos.<\/p>\n<p>Sobre a carga hor\u00e1ria:<br \/>\nO curso possui 10 horas de carga hor\u00e1ria.<\/p>\n","protected":false},"excerpt":{"rendered":"<p>Apresenta os seguintes t\u00f3picos: A 2\u00aa Guerra Mundial, Os 5 sensos, O programa 5S, O que \u00e9 o 5S?, Alguns benef\u00edcios do 5S, 5S: uma filosofia, Crit\u00e9rios do 5S, Primeiro e segundo senso e Terceiro, quarto e quinto sensos. Sobre a carga hor\u00e1ria: O curso possui 10 horas de carga hor\u00e1ria.<\/p>\n","protected":false},"featured_media":0,"comment_status":"open","ping_status":"closed","template":"","meta":[],"product_brand":[],"product_cat":[223],"product_tag":[],"class_list":{"0":"post-17169","1":"product","2":"type-product","3":"status-publish","5":"product_cat-gestao-e-lideranca","6":"post","8":"first","9":"instock","10":"virtual","11":"sold-individually","12":"product-type-simple"},"_links":{"self":[{"href":"https:\/\/treina.online\/index.php?rest_route=\/wp\/v2\/product\/17169","targetHints":{"allow":["GET"]}}],"collection":[{"href":"https:\/\/treina.online\/index.php?rest_route=\/wp\/v2\/product"}],"about":[{"href":"https:\/\/treina.online\/index.php?rest_route=\/wp\/v2\/types\/product"}],"replies":[{"embeddable":true,"href":"https:\/\/treina.online\/index.php?rest_route=%2Fwp%2Fv2%2Fcomments&post=17169"}],"version-history":[{"count":0,"href":"https:\/\/treina.online\/index.php?rest_route=\/wp\/v2\/product\/17169\/revisions"}],"wp:attachment":[{"href":"https:\/\/treina.online\/index.php?rest_route=%2Fwp%2Fv2%2Fmedia&parent=17169"}],"wp:term":[{"taxonomy":"product_brand","embeddable":true,"href":"https:\/\/treina.online\/index.php?rest_route=%2Fwp%2Fv2%2Fproduct_brand&post=17169"},{"taxonomy":"product_cat","embeddable":true,"href":"https:\/\/treina.online\/index.php?rest_route=%2Fwp%2Fv2%2Fproduct_cat&post=17169"},{"taxonomy":"product_tag","embeddable":true,"href":"https:\/\/treina.online\/index.php?rest_route=%2Fwp%2Fv2%2Fproduct_tag&post=17169"}],"curies":[{"name":"wp","href":"https:\/\/api.w.org\/{rel}","templated":true}]}}