{"id":17166,"date":"2021-01-24T18:09:12","date_gmt":"2021-01-24T20:09:12","guid":{"rendered":"http:\/\/ecursos.treinaonline.com\/produto\/curso-de-introducao-ao-planejamento-e-gestao-de-carreira\/"},"modified":"2021-01-24T18:09:12","modified_gmt":"2021-01-24T20:09:12","slug":"curso-de-introducao-ao-planejamento-e-gestao-de-carreira","status":"publish","type":"product","link":"https:\/\/treina.online\/?product=curso-de-introducao-ao-planejamento-e-gestao-de-carreira","title":{"rendered":"Curso de Introdu\u00e7\u00e3o ao Planejamento e Gest\u00e3o de Carreira"},"content":{"rendered":"<p>Explica Planejamento, Gest\u00e3o de Carreira, As Vantagens do Planejamento, Planejar \u00e9 Preciso, Diferen\u00e7a entre Trabalho e Emprego, Carreira, Constru\u00e7\u00e3o de uma Carreira e Na Pr\u00e1tica: Diferen\u00e7a entre Trabalho, Emprego e Carreira.<\/p>\n<p>Sobre a carga hor\u00e1ria:<br \/>\nO curso possui 10 horas de carga hor\u00e1ria.<\/p>\n","protected":false},"excerpt":{"rendered":"<p>Explica Planejamento, Gest\u00e3o de Carreira, As Vantagens do Planejamento, Planejar \u00e9 Preciso, Diferen\u00e7a entre Trabalho e Emprego, Carreira, Constru\u00e7\u00e3o de uma Carreira e Na Pr\u00e1tica: Diferen\u00e7a entre Trabalho, Emprego e Carreira. Sobre a carga hor\u00e1ria: O curso possui 10 horas de carga hor\u00e1ria.<\/p>\n","protected":false},"featured_media":0,"comment_status":"open","ping_status":"closed","template":"","meta":[],"product_brand":[],"product_cat":[223],"product_tag":[],"class_list":{"0":"post-17166","1":"product","2":"type-product","3":"status-publish","5":"product_cat-gestao-e-lideranca","6":"post","8":"first","9":"instock","10":"virtual","11":"sold-individually","12":"product-type-simple"},"_links":{"self":[{"href":"https:\/\/treina.online\/index.php?rest_route=\/wp\/v2\/product\/17166","targetHints":{"allow":["GET"]}}],"collection":[{"href":"https:\/\/treina.online\/index.php?rest_route=\/wp\/v2\/product"}],"about":[{"href":"https:\/\/treina.online\/index.php?rest_route=\/wp\/v2\/types\/product"}],"replies":[{"embeddable":true,"href":"https:\/\/treina.online\/index.php?rest_route=%2Fwp%2Fv2%2Fcomments&post=17166"}],"version-history":[{"count":0,"href":"https:\/\/treina.online\/index.php?rest_route=\/wp\/v2\/product\/17166\/revisions"}],"wp:attachment":[{"href":"https:\/\/treina.online\/index.php?rest_route=%2Fwp%2Fv2%2Fmedia&parent=17166"}],"wp:term":[{"taxonomy":"product_brand","embeddable":true,"href":"https:\/\/treina.online\/index.php?rest_route=%2Fwp%2Fv2%2Fproduct_brand&post=17166"},{"taxonomy":"product_cat","embeddable":true,"href":"https:\/\/treina.online\/index.php?rest_route=%2Fwp%2Fv2%2Fproduct_cat&post=17166"},{"taxonomy":"product_tag","embeddable":true,"href":"https:\/\/treina.online\/index.php?rest_route=%2Fwp%2Fv2%2Fproduct_tag&post=17166"}],"curies":[{"name":"wp","href":"https:\/\/api.w.org\/{rel}","templated":true}]}}