{"id":17165,"date":"2021-01-24T18:09:12","date_gmt":"2021-01-24T20:09:12","guid":{"rendered":"http:\/\/ecursos.treinaonline.com\/produto\/curso-de-introducao-ao-planejamento-e-controle-de-producao\/"},"modified":"2021-01-24T18:09:12","modified_gmt":"2021-01-24T20:09:12","slug":"curso-de-introducao-ao-planejamento-e-controle-de-producao","status":"publish","type":"product","link":"https:\/\/treina.online\/?product=curso-de-introducao-ao-planejamento-e-controle-de-producao","title":{"rendered":"Curso de Introdu\u00e7\u00e3o ao Planejamento e Controle de Produ\u00e7\u00e3o"},"content":{"rendered":"<p>Aborda Conceitos e Defini\u00e7\u00e3o de PCP, Tipos de Planejamento de Produ\u00e7\u00e3o, Programa\u00e7\u00e3o e Sequenciamento da Produ\u00e7\u00e3o, Balanceamento de Linhas de Produ\u00e7\u00e3o e Manuten\u00e7\u00e3o Produtiva Total &#8211; TPM.<\/p>\n<p>Sobre a carga hor\u00e1ria:<br \/>\nO curso possui 5 horas de carga hor\u00e1ria.<\/p>\n","protected":false},"excerpt":{"rendered":"<p>Aborda Conceitos e Defini\u00e7\u00e3o de PCP, Tipos de Planejamento de Produ\u00e7\u00e3o, Programa\u00e7\u00e3o e Sequenciamento da Produ\u00e7\u00e3o, Balanceamento de Linhas de Produ\u00e7\u00e3o e Manuten\u00e7\u00e3o Produtiva Total &#8211; TPM. Sobre a carga hor\u00e1ria: O curso possui 5 horas de carga hor\u00e1ria.<\/p>\n","protected":false},"featured_media":0,"comment_status":"open","ping_status":"closed","template":"","meta":[],"product_brand":[],"product_cat":[223],"product_tag":[],"class_list":{"0":"post-17165","1":"product","2":"type-product","3":"status-publish","5":"product_cat-gestao-e-lideranca","6":"post","8":"first","9":"instock","10":"virtual","11":"sold-individually","12":"product-type-simple"},"_links":{"self":[{"href":"https:\/\/treina.online\/index.php?rest_route=\/wp\/v2\/product\/17165","targetHints":{"allow":["GET"]}}],"collection":[{"href":"https:\/\/treina.online\/index.php?rest_route=\/wp\/v2\/product"}],"about":[{"href":"https:\/\/treina.online\/index.php?rest_route=\/wp\/v2\/types\/product"}],"replies":[{"embeddable":true,"href":"https:\/\/treina.online\/index.php?rest_route=%2Fwp%2Fv2%2Fcomments&post=17165"}],"version-history":[{"count":0,"href":"https:\/\/treina.online\/index.php?rest_route=\/wp\/v2\/product\/17165\/revisions"}],"wp:attachment":[{"href":"https:\/\/treina.online\/index.php?rest_route=%2Fwp%2Fv2%2Fmedia&parent=17165"}],"wp:term":[{"taxonomy":"product_brand","embeddable":true,"href":"https:\/\/treina.online\/index.php?rest_route=%2Fwp%2Fv2%2Fproduct_brand&post=17165"},{"taxonomy":"product_cat","embeddable":true,"href":"https:\/\/treina.online\/index.php?rest_route=%2Fwp%2Fv2%2Fproduct_cat&post=17165"},{"taxonomy":"product_tag","embeddable":true,"href":"https:\/\/treina.online\/index.php?rest_route=%2Fwp%2Fv2%2Fproduct_tag&post=17165"}],"curies":[{"name":"wp","href":"https:\/\/api.w.org\/{rel}","templated":true}]}}