{"id":17142,"date":"2021-01-24T18:08:46","date_gmt":"2021-01-24T20:08:46","guid":{"rendered":"http:\/\/ecursos.treinaonline.com\/produto\/curso-de-introducao-ao-imposto-de-renda\/"},"modified":"2021-01-24T18:08:46","modified_gmt":"2021-01-24T20:08:46","slug":"curso-de-introducao-ao-imposto-de-renda","status":"publish","type":"product","link":"https:\/\/treina.online\/?product=curso-de-introducao-ao-imposto-de-renda","title":{"rendered":"Curso de Introdu\u00e7\u00e3o ao Imposto de Renda"},"content":{"rendered":"<p>Apresenta O que \u00e9 imposto de renda?, Por que devo declarar Imposto de Renda?, Quem est\u00e1 obrigada a declarar Imposto de Renda?, Quem pode optar por declarar Imposto de Renda?, Prazo e consequ\u00eancias em caso de falta de entrega, Declara\u00e7\u00e3o simplificada, Declara\u00e7\u00e3o completa e Quando utilizar cada declara\u00e7\u00e3o?.<\/p>\n<p>Sobre a carga hor\u00e1ria:<br \/>\nO curso possui 10 horas de carga hor\u00e1ria.<\/p>\n","protected":false},"excerpt":{"rendered":"<p>Apresenta O que \u00e9 imposto de renda?, Por que devo declarar Imposto de Renda?, Quem est\u00e1 obrigada a declarar Imposto de Renda?, Quem pode optar por declarar Imposto de Renda?, Prazo e consequ\u00eancias em caso de falta de entrega, Declara\u00e7\u00e3o simplificada, Declara\u00e7\u00e3o completa e Quando utilizar cada declara\u00e7\u00e3o?. Sobre a carga hor\u00e1ria: O curso possui 10 horas de carga hor\u00e1ria.<\/p>\n","protected":false},"featured_media":0,"comment_status":"open","ping_status":"closed","template":"","meta":[],"product_brand":[],"product_cat":[206],"product_tag":[],"class_list":{"0":"post-17142","1":"product","2":"type-product","3":"status-publish","5":"product_cat-contabilidade","6":"post","8":"first","9":"instock","10":"virtual","11":"sold-individually","12":"product-type-simple"},"_links":{"self":[{"href":"https:\/\/treina.online\/index.php?rest_route=\/wp\/v2\/product\/17142","targetHints":{"allow":["GET"]}}],"collection":[{"href":"https:\/\/treina.online\/index.php?rest_route=\/wp\/v2\/product"}],"about":[{"href":"https:\/\/treina.online\/index.php?rest_route=\/wp\/v2\/types\/product"}],"replies":[{"embeddable":true,"href":"https:\/\/treina.online\/index.php?rest_route=%2Fwp%2Fv2%2Fcomments&post=17142"}],"version-history":[{"count":0,"href":"https:\/\/treina.online\/index.php?rest_route=\/wp\/v2\/product\/17142\/revisions"}],"wp:attachment":[{"href":"https:\/\/treina.online\/index.php?rest_route=%2Fwp%2Fv2%2Fmedia&parent=17142"}],"wp:term":[{"taxonomy":"product_brand","embeddable":true,"href":"https:\/\/treina.online\/index.php?rest_route=%2Fwp%2Fv2%2Fproduct_brand&post=17142"},{"taxonomy":"product_cat","embeddable":true,"href":"https:\/\/treina.online\/index.php?rest_route=%2Fwp%2Fv2%2Fproduct_cat&post=17142"},{"taxonomy":"product_tag","embeddable":true,"href":"https:\/\/treina.online\/index.php?rest_route=%2Fwp%2Fv2%2Fproduct_tag&post=17142"}],"curies":[{"name":"wp","href":"https:\/\/api.w.org\/{rel}","templated":true}]}}