{"id":17126,"date":"2021-01-24T18:08:19","date_gmt":"2021-01-24T20:08:19","guid":{"rendered":"http:\/\/ecursos.treinaonline.com\/produto\/curso-de-introducao-ao-esocial-para-empregada-domestica\/"},"modified":"2021-01-24T18:08:19","modified_gmt":"2021-01-24T20:08:19","slug":"curso-de-introducao-ao-esocial-para-empregada-domestica","status":"publish","type":"product","link":"https:\/\/treina.online\/?product=curso-de-introducao-ao-esocial-para-empregada-domestica","title":{"rendered":"Curso de Introdu\u00e7\u00e3o ao eSocial para Empregada Dom\u00e9stica"},"content":{"rendered":"<p>Ensina Conceitos, Qualifica\u00e7\u00e3o Cadastral , Admiss\u00e3o \u0096 Quais documentos o empregador pode exigir? e Admiss\u00e3o de um empregado dom\u00e9stico.<\/p>\n<p>Sobre a carga hor\u00e1ria:<br \/>\nO curso possui 2 horas de carga hor\u00e1ria.<\/p>\n","protected":false},"excerpt":{"rendered":"<p>Ensina Conceitos, Qualifica\u00e7\u00e3o Cadastral , Admiss\u00e3o \u0096 Quais documentos o empregador pode exigir? e Admiss\u00e3o de um empregado dom\u00e9stico. Sobre a carga hor\u00e1ria: O curso possui 2 horas de carga hor\u00e1ria.<\/p>\n","protected":false},"featured_media":0,"comment_status":"open","ping_status":"closed","template":"","meta":[],"product_brand":[],"product_cat":[236],"product_tag":[],"class_list":{"0":"post-17126","1":"product","2":"type-product","3":"status-publish","5":"product_cat-recursos-humanos","6":"post","8":"first","9":"instock","10":"virtual","11":"sold-individually","12":"product-type-simple"},"_links":{"self":[{"href":"https:\/\/treina.online\/index.php?rest_route=\/wp\/v2\/product\/17126","targetHints":{"allow":["GET"]}}],"collection":[{"href":"https:\/\/treina.online\/index.php?rest_route=\/wp\/v2\/product"}],"about":[{"href":"https:\/\/treina.online\/index.php?rest_route=\/wp\/v2\/types\/product"}],"replies":[{"embeddable":true,"href":"https:\/\/treina.online\/index.php?rest_route=%2Fwp%2Fv2%2Fcomments&post=17126"}],"version-history":[{"count":0,"href":"https:\/\/treina.online\/index.php?rest_route=\/wp\/v2\/product\/17126\/revisions"}],"wp:attachment":[{"href":"https:\/\/treina.online\/index.php?rest_route=%2Fwp%2Fv2%2Fmedia&parent=17126"}],"wp:term":[{"taxonomy":"product_brand","embeddable":true,"href":"https:\/\/treina.online\/index.php?rest_route=%2Fwp%2Fv2%2Fproduct_brand&post=17126"},{"taxonomy":"product_cat","embeddable":true,"href":"https:\/\/treina.online\/index.php?rest_route=%2Fwp%2Fv2%2Fproduct_cat&post=17126"},{"taxonomy":"product_tag","embeddable":true,"href":"https:\/\/treina.online\/index.php?rest_route=%2Fwp%2Fv2%2Fproduct_tag&post=17126"}],"curies":[{"name":"wp","href":"https:\/\/api.w.org\/{rel}","templated":true}]}}