{"id":17125,"date":"2021-01-24T18:08:18","date_gmt":"2021-01-24T20:08:18","guid":{"rendered":"http:\/\/ecursos.treinaonline.com\/produto\/curso-de-introducao-ao-esocial\/"},"modified":"2021-01-24T18:08:18","modified_gmt":"2021-01-24T20:08:18","slug":"curso-de-introducao-ao-esocial","status":"publish","type":"product","link":"https:\/\/treina.online\/?product=curso-de-introducao-ao-esocial","title":{"rendered":"Curso de Introdu\u00e7\u00e3o ao eSocial"},"content":{"rendered":"<p>Ensina eSocial, o novo m\u00f3dulo do SPED, Quem \u00e9 obrigado ao eSocial?, Substitui\u00e7\u00e3o das atuais declara\u00e7\u00f5es, O eSocial modificou a legisla\u00e7\u00e3o?, Novidades da Reforma Trabalhista, Intermitente e rescis\u00e3o por acordo, Saneando os cadastros, Utiliza\u00e7\u00e3o do ambiente do eSocial, Precau\u00e7\u00f5es nas admiss\u00f5es, Configura\u00e7\u00f5es iniciais, O ambiente de produ\u00e7\u00e3o restrita, Ambiente de produ\u00e7\u00e3o do eSocial e Formul\u00e1rio.<\/p>\n<p>Sobre a carga hor\u00e1ria:<br \/>\nO curso possui 10 horas de carga hor\u00e1ria.<\/p>\n","protected":false},"excerpt":{"rendered":"<p>Ensina eSocial, o novo m\u00f3dulo do SPED, Quem \u00e9 obrigado ao eSocial?, Substitui\u00e7\u00e3o das atuais declara\u00e7\u00f5es, O eSocial modificou a legisla\u00e7\u00e3o?, Novidades da Reforma Trabalhista, Intermitente e rescis\u00e3o por acordo, Saneando os cadastros, Utiliza\u00e7\u00e3o do ambiente do eSocial, Precau\u00e7\u00f5es nas admiss\u00f5es, Configura\u00e7\u00f5es iniciais, O ambiente de produ\u00e7\u00e3o restrita, Ambiente de produ\u00e7\u00e3o do eSocial e Formul\u00e1rio. Sobre a carga hor\u00e1ria: O [&hellip;]<\/p>\n","protected":false},"featured_media":0,"comment_status":"open","ping_status":"closed","template":"","meta":[],"product_brand":[],"product_cat":[236],"product_tag":[],"class_list":{"0":"post-17125","1":"product","2":"type-product","3":"status-publish","5":"product_cat-recursos-humanos","6":"post","8":"first","9":"instock","10":"virtual","11":"sold-individually","12":"product-type-simple"},"_links":{"self":[{"href":"https:\/\/treina.online\/index.php?rest_route=\/wp\/v2\/product\/17125","targetHints":{"allow":["GET"]}}],"collection":[{"href":"https:\/\/treina.online\/index.php?rest_route=\/wp\/v2\/product"}],"about":[{"href":"https:\/\/treina.online\/index.php?rest_route=\/wp\/v2\/types\/product"}],"replies":[{"embeddable":true,"href":"https:\/\/treina.online\/index.php?rest_route=%2Fwp%2Fv2%2Fcomments&post=17125"}],"version-history":[{"count":0,"href":"https:\/\/treina.online\/index.php?rest_route=\/wp\/v2\/product\/17125\/revisions"}],"wp:attachment":[{"href":"https:\/\/treina.online\/index.php?rest_route=%2Fwp%2Fv2%2Fmedia&parent=17125"}],"wp:term":[{"taxonomy":"product_brand","embeddable":true,"href":"https:\/\/treina.online\/index.php?rest_route=%2Fwp%2Fv2%2Fproduct_brand&post=17125"},{"taxonomy":"product_cat","embeddable":true,"href":"https:\/\/treina.online\/index.php?rest_route=%2Fwp%2Fv2%2Fproduct_cat&post=17125"},{"taxonomy":"product_tag","embeddable":true,"href":"https:\/\/treina.online\/index.php?rest_route=%2Fwp%2Fv2%2Fproduct_tag&post=17125"}],"curies":[{"name":"wp","href":"https:\/\/api.w.org\/{rel}","templated":true}]}}